{"id":11600,"date":"2026-05-14T16:33:45","date_gmt":"2026-05-14T19:33:45","guid":{"rendered":"https:\/\/marsangomateriais.com.br\/index.php\/produto\/adesivo-cola-contato-amazonas-extra-750g-amazonas\/"},"modified":"2026-05-15T08:06:19","modified_gmt":"2026-05-15T11:06:19","slug":"adesivo-cola-contato-amazonas-extra-750g-amazonas","status":"publish","type":"product","link":"https:\/\/marsangomateriais.com.br\/index.php\/produto\/adesivo-cola-contato-amazonas-extra-750g-amazonas\/","title":{"rendered":"Adesivo Cola Contato Amazonas Extra 750G &#8211; AMAZONAS"},"content":{"rendered":"<p>ESPECIFICA\u00c7\u00d5ES DO PRODUTO<\/p>\n<p>Refer\u00eancia: 341207<\/p>\n","protected":false},"excerpt":{"rendered":"<p>ESPECIFICA\u00c7\u00d5ES DO PRODUTO Refer\u00eancia: 341207<\/p>\n","protected":false},"featured_media":11606,"comment_status":"open","ping_status":"closed","template":"","meta":[],"product_brand":[],"product_cat":[26],"product_tag":[],"class_list":{"0":"post-11600","1":"product","2":"type-product","3":"status-publish","4":"has-post-thumbnail","6":"product_cat-isolamentos-e-adesivos","8":"first","9":"instock","10":"sale","11":"shipping-taxable","12":"purchasable","13":"product-type-simple"},"_links":{"self":[{"href":"https:\/\/marsangomateriais.com.br\/index.php\/wp-json\/wp\/v2\/product\/11600","targetHints":{"allow":["GET"]}}],"collection":[{"href":"https:\/\/marsangomateriais.com.br\/index.php\/wp-json\/wp\/v2\/product"}],"about":[{"href":"https:\/\/marsangomateriais.com.br\/index.php\/wp-json\/wp\/v2\/types\/product"}],"replies":[{"embeddable":true,"href":"https:\/\/marsangomateriais.com.br\/index.php\/wp-json\/wp\/v2\/comments?post=11600"}],"wp:featuredmedia":[{"embeddable":true,"href":"https:\/\/marsangomateriais.com.br\/index.php\/wp-json\/wp\/v2\/media\/11606"}],"wp:attachment":[{"href":"https:\/\/marsangomateriais.com.br\/index.php\/wp-json\/wp\/v2\/media?parent=11600"}],"wp:term":[{"taxonomy":"product_brand","embeddable":true,"href":"https:\/\/marsangomateriais.com.br\/index.php\/wp-json\/wp\/v2\/product_brand?post=11600"},{"taxonomy":"product_cat","embeddable":true,"href":"https:\/\/marsangomateriais.com.br\/index.php\/wp-json\/wp\/v2\/product_cat?post=11600"},{"taxonomy":"product_tag","embeddable":true,"href":"https:\/\/marsangomateriais.com.br\/index.php\/wp-json\/wp\/v2\/product_tag?post=11600"}],"curies":[{"name":"wp","href":"https:\/\/api.w.org\/{rel}","templated":true}]}}