{"id":11591,"date":"2026-05-14T16:01:45","date_gmt":"2026-05-14T19:01:45","guid":{"rendered":"https:\/\/marsangomateriais.com.br\/index.php\/produto\/espuma-expansiva-w-max-500ml-wurth\/"},"modified":"2026-05-15T08:20:30","modified_gmt":"2026-05-15T11:20:30","slug":"espuma-expansiva-w-max-500ml-wurth","status":"publish","type":"product","link":"https:\/\/marsangomateriais.com.br\/index.php\/produto\/espuma-expansiva-w-max-500ml-wurth\/","title":{"rendered":"Espuma Expansiva W-MAX 500ML &#8211; WURTH"},"content":{"rendered":"<p>ESPECIFICA\u00c7\u00d5ES DO PRODUTO<\/p>\n<p>\u00c9 uma espuma de poliuretano monocomponente, pronta para uso, de alta qualidade e de auto expans\u00e3o, para instala\u00e7\u00f5es e isolamentos. Este produto cura e expande em contato com a \u00e1gua e com a umidade do ar. A Expanfix Manual W-Max apresenta uma estrutura homog\u00eanea, com excelente capacidade de expans\u00e3o e elevada resist\u00eancia ao desgaste, ao frio e a maioria dos produtos qu\u00edmicos. \u00c9 formulado com gases livres de CFC, que s\u00e3o completamente inofensivos \u00e0 camada de oz\u00f4nio. Caracter\u00edsticas: Ampla gama de aplica\u00e7\u00e3o. Livre de CFC. Excelente capacidade de isolamento t\u00e9rmico e ac\u00fastico. Excelente estabilidade dimensional. N\u00e3o tem contra\u00e7\u00e3o de volume nem expans\u00e3o posterior a cura. Alta resist\u00eancia t\u00e9rmica. Classe de inflamabilidade (DIN 4102-1): B3. Cura r\u00e1pida. Aplica\u00e7\u00f5es: Uso na constru\u00e7\u00e3o: Garante excelente ades\u00e3o a concreto, tijolo, telha, madeira, metais, espuma de PU r\u00edgida, poliestireno, e uma grande variedade de pl\u00e1sticos como PVC r\u00edgido. Colagem, montagem, fixa\u00e7\u00e3o, instala\u00e7\u00e3o e assentamento de portas, janelas, tomadas el\u00e9tricas, banheiras,cumeeiras, canos de ventila\u00e7\u00e3o, jun\u00e7\u00f5es de paredes, divis\u00f3rias, tetos, c\u00e2maras, pain\u00e9is frigor\u00edficos, etc. Isolante t\u00e9rmico e ac\u00fastico. Uso Automotivo: Travessas de cap\u00f4s, fundos de portas, contatos de laterais internas, porta malas, instala\u00e7\u00e3o de sons, montagem de caixas ac\u00fasticas seladas, entre outros.<\/p>\n","protected":false},"excerpt":{"rendered":"<p>ESPECIFICA\u00c7\u00d5ES DO PRODUTO \u00c9 uma espuma de poliuretano monocomponente, pronta para uso, de alta qualidade e de auto expans\u00e3o, para instala\u00e7\u00f5es e isolamentos. Este produto cura e expande em contato com a \u00e1gua e com a umidade do ar. A Expanfix Manual W-Max apresenta uma estrutura homog\u00eanea, com excelente capacidade de expans\u00e3o e elevada resist\u00eancia [&hellip;]<\/p>\n","protected":false},"featured_media":11615,"comment_status":"open","ping_status":"closed","template":"","meta":[],"product_brand":[],"product_cat":[26],"product_tag":[],"class_list":{"0":"post-11591","1":"product","2":"type-product","3":"status-publish","4":"has-post-thumbnail","6":"product_cat-isolamentos-e-adesivos","8":"first","9":"instock","10":"sale","11":"shipping-taxable","12":"purchasable","13":"product-type-simple"},"_links":{"self":[{"href":"https:\/\/marsangomateriais.com.br\/index.php\/wp-json\/wp\/v2\/product\/11591","targetHints":{"allow":["GET"]}}],"collection":[{"href":"https:\/\/marsangomateriais.com.br\/index.php\/wp-json\/wp\/v2\/product"}],"about":[{"href":"https:\/\/marsangomateriais.com.br\/index.php\/wp-json\/wp\/v2\/types\/product"}],"replies":[{"embeddable":true,"href":"https:\/\/marsangomateriais.com.br\/index.php\/wp-json\/wp\/v2\/comments?post=11591"}],"wp:featuredmedia":[{"embeddable":true,"href":"https:\/\/marsangomateriais.com.br\/index.php\/wp-json\/wp\/v2\/media\/11615"}],"wp:attachment":[{"href":"https:\/\/marsangomateriais.com.br\/index.php\/wp-json\/wp\/v2\/media?parent=11591"}],"wp:term":[{"taxonomy":"product_brand","embeddable":true,"href":"https:\/\/marsangomateriais.com.br\/index.php\/wp-json\/wp\/v2\/product_brand?post=11591"},{"taxonomy":"product_cat","embeddable":true,"href":"https:\/\/marsangomateriais.com.br\/index.php\/wp-json\/wp\/v2\/product_cat?post=11591"},{"taxonomy":"product_tag","embeddable":true,"href":"https:\/\/marsangomateriais.com.br\/index.php\/wp-json\/wp\/v2\/product_tag?post=11591"}],"curies":[{"name":"wp","href":"https:\/\/api.w.org\/{rel}","templated":true}]}}