{"id":11588,"date":"2026-05-14T15:57:43","date_gmt":"2026-05-14T18:57:43","guid":{"rendered":"https:\/\/marsangomateriais.com.br\/index.php\/produto\/cascola-extra-tradicional-730g-henkel\/"},"modified":"2026-05-15T08:00:26","modified_gmt":"2026-05-15T11:00:26","slug":"cascola-extra-tradicional-730g-henkel","status":"publish","type":"product","link":"https:\/\/marsangomateriais.com.br\/index.php\/produto\/cascola-extra-tradicional-730g-henkel\/","title":{"rendered":"Cascola Extra Tradicional 730G &#8211; HENKEL"},"content":{"rendered":"<p>ESPECIFICA\u00c7\u00d5ES DO PRODUTO<\/p>\n<p>Cola de contato cascola extra sem toluol 0,730kg Henkel<\/p>\n<p>Cascola Extra sem Toluol \u00e9 um adesivo extraforte capaz de resistir \u00e0s colagens mais cr\u00edticas.<\/p>\n<p>Possui secagem r\u00e1pida e proporciona total ader\u00eancia entre substratos semelhantes ou distintos, garantindo excelente acabamento e alta performance.<\/p>\n<p>O produto \u00e9 resistente \u00e0 \u00e1gua e n\u00e3o sofre inchamento, evitando poss\u00edveis desprendimentos de pe\u00e7as.<\/p>\n<p>Cascola Extra \u00e9 indicado especialmente para Post Forming e colagem de vidros, al\u00e9m de colagem de l\u00e2minas decorativas, couro, lambris e diversos tipos de materiais sint\u00e9ticos, MDF, HDF, concreto, cimento, entre outros.<\/p>\n<p>Sua aplica\u00e7\u00e3o \u00e9 pr\u00e1tica e segura.<\/p>\n<p>Agite antes do uso, limpe as superf\u00edcies a serem coladas e garanta que n\u00e3o haja \u00f3leo, tinta ou cera.<\/p>\n<p>Em materiais porosos, lixe antes da aplica\u00e7\u00e3o.<\/p>\n<p>Fa\u00e7a um teste preliminar com o material desejado para determinar a quantidade necess\u00e1ria de adesivos e compatibilidade de substratos.<\/p>\n<p>Aplique uma camada uniforme de produto em ambas as superf\u00edcies com uma esp\u00e1tula dentada e aguarde a secagem (5 a 10 min).<\/p>\n<p>Para materiais porosos, \u00e9 indicada uma segunda aplica\u00e7\u00e3o ap\u00f3s 20 min da primeira.<\/p>\n<p>Alinhe e junte as pe\u00e7as, exercendo press\u00e3o do centro para as bordas, evitando a forma\u00e7\u00e3o de bolhas.<\/p>\n","protected":false},"excerpt":{"rendered":"<p>ESPECIFICA\u00c7\u00d5ES DO PRODUTO Cola de contato cascola extra sem toluol 0,730kg Henkel Cascola Extra sem Toluol \u00e9 um adesivo extraforte capaz de resistir \u00e0s colagens mais cr\u00edticas. Possui secagem r\u00e1pida e proporciona total ader\u00eancia entre substratos semelhantes ou distintos, garantindo excelente acabamento e alta performance. O produto \u00e9 resistente \u00e0 \u00e1gua e n\u00e3o sofre inchamento, [&hellip;]<\/p>\n","protected":false},"featured_media":11603,"comment_status":"open","ping_status":"closed","template":"","meta":[],"product_brand":[],"product_cat":[26],"product_tag":[],"class_list":{"0":"post-11588","1":"product","2":"type-product","3":"status-publish","4":"has-post-thumbnail","6":"product_cat-isolamentos-e-adesivos","8":"first","9":"instock","10":"sale","11":"shipping-taxable","12":"purchasable","13":"product-type-simple"},"_links":{"self":[{"href":"https:\/\/marsangomateriais.com.br\/index.php\/wp-json\/wp\/v2\/product\/11588","targetHints":{"allow":["GET"]}}],"collection":[{"href":"https:\/\/marsangomateriais.com.br\/index.php\/wp-json\/wp\/v2\/product"}],"about":[{"href":"https:\/\/marsangomateriais.com.br\/index.php\/wp-json\/wp\/v2\/types\/product"}],"replies":[{"embeddable":true,"href":"https:\/\/marsangomateriais.com.br\/index.php\/wp-json\/wp\/v2\/comments?post=11588"}],"wp:featuredmedia":[{"embeddable":true,"href":"https:\/\/marsangomateriais.com.br\/index.php\/wp-json\/wp\/v2\/media\/11603"}],"wp:attachment":[{"href":"https:\/\/marsangomateriais.com.br\/index.php\/wp-json\/wp\/v2\/media?parent=11588"}],"wp:term":[{"taxonomy":"product_brand","embeddable":true,"href":"https:\/\/marsangomateriais.com.br\/index.php\/wp-json\/wp\/v2\/product_brand?post=11588"},{"taxonomy":"product_cat","embeddable":true,"href":"https:\/\/marsangomateriais.com.br\/index.php\/wp-json\/wp\/v2\/product_cat?post=11588"},{"taxonomy":"product_tag","embeddable":true,"href":"https:\/\/marsangomateriais.com.br\/index.php\/wp-json\/wp\/v2\/product_tag?post=11588"}],"curies":[{"name":"wp","href":"https:\/\/api.w.org\/{rel}","templated":true}]}}