{"id":11469,"date":"2026-05-13T16:51:39","date_gmt":"2026-05-13T19:51:39","guid":{"rendered":"https:\/\/marsangomateriais.com.br\/index.php\/produto\/adesivo-plastico-pvc-com-pincel-frasco-175g-tigre\/"},"modified":"2026-05-14T14:48:40","modified_gmt":"2026-05-14T17:48:40","slug":"adesivo-plastico-pvc-com-pincel-frasco-175g-tigre","status":"publish","type":"product","link":"https:\/\/marsangomateriais.com.br\/index.php\/produto\/adesivo-plastico-pvc-com-pincel-frasco-175g-tigre\/","title":{"rendered":"Adesivo Plastico PVC Com Pincel Frasco 175G &#8211; TIGRE"},"content":{"rendered":"<p>ESPECIFICA\u00c7\u00d5ES DO PRODUTO<\/p>\n<p>Pode ser utilizado com o intuito de unir tubos a conex\u00f5es, por meio da soldagem a frio. Al\u00e9m disso ele \u00e9 perfeito para uso em obras resid\u00eancias, comerciais e locais industriais. Vale lembrar, que para garantir mais conforto e seguran\u00e7a, o produto \u00e9 at\u00f3xico, lav\u00e1vel e n\u00e3o precisa ser dilu\u00eddo em nada. Lembre-se que ele leva cerca de 12 horas para secar.<\/p>\n","protected":false},"excerpt":{"rendered":"<p>ESPECIFICA\u00c7\u00d5ES DO PRODUTO Pode ser utilizado com o intuito de unir tubos a conex\u00f5es, por meio da soldagem a frio. Al\u00e9m disso ele \u00e9 perfeito para uso em obras resid\u00eancias, comerciais e locais industriais. Vale lembrar, que para garantir mais conforto e seguran\u00e7a, o produto \u00e9 at\u00f3xico, lav\u00e1vel e n\u00e3o precisa ser dilu\u00eddo em nada. [&hellip;]<\/p>\n","protected":false},"featured_media":11580,"comment_status":"open","ping_status":"closed","template":"","meta":[],"product_brand":[],"product_cat":[26],"product_tag":[],"class_list":{"0":"post-11469","1":"product","2":"type-product","3":"status-publish","4":"has-post-thumbnail","6":"product_cat-isolamentos-e-adesivos","8":"first","9":"instock","10":"sale","11":"shipping-taxable","12":"purchasable","13":"product-type-simple"},"_links":{"self":[{"href":"https:\/\/marsangomateriais.com.br\/index.php\/wp-json\/wp\/v2\/product\/11469","targetHints":{"allow":["GET"]}}],"collection":[{"href":"https:\/\/marsangomateriais.com.br\/index.php\/wp-json\/wp\/v2\/product"}],"about":[{"href":"https:\/\/marsangomateriais.com.br\/index.php\/wp-json\/wp\/v2\/types\/product"}],"replies":[{"embeddable":true,"href":"https:\/\/marsangomateriais.com.br\/index.php\/wp-json\/wp\/v2\/comments?post=11469"}],"wp:featuredmedia":[{"embeddable":true,"href":"https:\/\/marsangomateriais.com.br\/index.php\/wp-json\/wp\/v2\/media\/11580"}],"wp:attachment":[{"href":"https:\/\/marsangomateriais.com.br\/index.php\/wp-json\/wp\/v2\/media?parent=11469"}],"wp:term":[{"taxonomy":"product_brand","embeddable":true,"href":"https:\/\/marsangomateriais.com.br\/index.php\/wp-json\/wp\/v2\/product_brand?post=11469"},{"taxonomy":"product_cat","embeddable":true,"href":"https:\/\/marsangomateriais.com.br\/index.php\/wp-json\/wp\/v2\/product_cat?post=11469"},{"taxonomy":"product_tag","embeddable":true,"href":"https:\/\/marsangomateriais.com.br\/index.php\/wp-json\/wp\/v2\/product_tag?post=11469"}],"curies":[{"name":"wp","href":"https:\/\/api.w.org\/{rel}","templated":true}]}}