{"id":11438,"date":"2026-05-13T15:45:38","date_gmt":"2026-05-13T18:45:38","guid":{"rendered":"https:\/\/marsangomateriais.com.br\/index.php\/produto\/fita-crepe-48mmx50m-kala\/"},"modified":"2026-05-14T09:55:54","modified_gmt":"2026-05-14T12:55:54","slug":"fita-crepe-48mmx50m-kala","status":"publish","type":"product","link":"https:\/\/marsangomateriais.com.br\/index.php\/produto\/fita-crepe-48mmx50m-kala\/","title":{"rendered":"Fita Crepe  48MMX50M &#8211; KALA"},"content":{"rendered":"<p>ESPECIFICA\u00c7\u00d5ES DO PRODUTO<\/p>\n<p>A Fita Crepe para uso geral 48mm x 50m da Kala \u00e9 um produto vers\u00e1til e de qualidade, ideal para diversas aplica\u00e7\u00f5es em ambientes residenciais, comerciais e industriais. Com uma espessura de 0,13mm, a fita apresenta excelente ader\u00eancia em diferentes superf\u00edcies, como madeira, vidro, pl\u00e1stico, metal e papel, al\u00e9m de possibilitar a remo\u00e7\u00e3o sem deixar res\u00edduos ou danificar a superf\u00edcie.<\/p>\n<p>Com seu tamanho padr\u00e3o de 48mm de largura e 50 metros de comprimento, a Fita Crepe da Kala \u00e9 uma op\u00e7\u00e3o econ\u00f4mica e pr\u00e1tica para a fixa\u00e7\u00e3o de pap\u00e9is, prote\u00e7\u00e3o de superf\u00edcies em trabalhos de pintura, mascaramento em processos de pintura eletrost\u00e1tica, entre outras aplica\u00e7\u00f5es.<\/p>\n<p>Al\u00e9m disso, a fita \u00e9 f\u00e1cil de manusear e cortar, permitindo a cria\u00e7\u00e3o de formatos e tamanhos personalizados conforme a necessidade do usu\u00e1rio. O produto \u00e9 fabricado com materiais de qualidade, que garantem sua resist\u00eancia e durabilidade. Com a Fita Crepe para uso geral 48mm x 50m da Kala, \u00e9 poss\u00edvel realizar trabalhos com mais praticidade e precis\u00e3o, sem se preocupar com falhas na fixa\u00e7\u00e3o ou danos \u00e0s superf\u00edcies. Adquira agora o seu produto e aproveite seus benef\u00edcios em diferentes \u00e1reas de atua\u00e7\u00e3o!<br \/>\nRefer\u00eancia: 634697<\/p>\n","protected":false},"excerpt":{"rendered":"<p>ESPECIFICA\u00c7\u00d5ES DO PRODUTO A Fita Crepe para uso geral 48mm x 50m da Kala \u00e9 um produto vers\u00e1til e de qualidade, ideal para diversas aplica\u00e7\u00f5es em ambientes residenciais, comerciais e industriais. Com uma espessura de 0,13mm, a fita apresenta excelente ader\u00eancia em diferentes superf\u00edcies, como madeira, vidro, pl\u00e1stico, metal e papel, al\u00e9m de possibilitar a [&hellip;]<\/p>\n","protected":false},"featured_media":11506,"comment_status":"open","ping_status":"closed","template":"","meta":[],"product_brand":[],"product_cat":[26],"product_tag":[],"class_list":{"0":"post-11438","1":"product","2":"type-product","3":"status-publish","4":"has-post-thumbnail","6":"product_cat-isolamentos-e-adesivos","8":"first","9":"instock","10":"sale","11":"shipping-taxable","12":"purchasable","13":"product-type-simple"},"_links":{"self":[{"href":"https:\/\/marsangomateriais.com.br\/index.php\/wp-json\/wp\/v2\/product\/11438","targetHints":{"allow":["GET"]}}],"collection":[{"href":"https:\/\/marsangomateriais.com.br\/index.php\/wp-json\/wp\/v2\/product"}],"about":[{"href":"https:\/\/marsangomateriais.com.br\/index.php\/wp-json\/wp\/v2\/types\/product"}],"replies":[{"embeddable":true,"href":"https:\/\/marsangomateriais.com.br\/index.php\/wp-json\/wp\/v2\/comments?post=11438"}],"wp:featuredmedia":[{"embeddable":true,"href":"https:\/\/marsangomateriais.com.br\/index.php\/wp-json\/wp\/v2\/media\/11506"}],"wp:attachment":[{"href":"https:\/\/marsangomateriais.com.br\/index.php\/wp-json\/wp\/v2\/media?parent=11438"}],"wp:term":[{"taxonomy":"product_brand","embeddable":true,"href":"https:\/\/marsangomateriais.com.br\/index.php\/wp-json\/wp\/v2\/product_brand?post=11438"},{"taxonomy":"product_cat","embeddable":true,"href":"https:\/\/marsangomateriais.com.br\/index.php\/wp-json\/wp\/v2\/product_cat?post=11438"},{"taxonomy":"product_tag","embeddable":true,"href":"https:\/\/marsangomateriais.com.br\/index.php\/wp-json\/wp\/v2\/product_tag?post=11438"}],"curies":[{"name":"wp","href":"https:\/\/api.w.org\/{rel}","templated":true}]}}