{"id":11433,"date":"2026-05-13T15:43:37","date_gmt":"2026-05-13T18:43:37","guid":{"rendered":"https:\/\/marsangomateriais.com.br\/index.php\/produto\/esguicho-pistola-6-jatos-kala\/"},"modified":"2026-05-14T08:22:21","modified_gmt":"2026-05-14T11:22:21","slug":"esguicho-pistola-6-jatos-kala","status":"publish","type":"product","link":"https:\/\/marsangomateriais.com.br\/index.php\/produto\/esguicho-pistola-6-jatos-kala\/","title":{"rendered":"Esguicho Pistola 6 Jatos &#8211; KALA"},"content":{"rendered":"<p>ESPECIFICA\u00c7\u00d5ES DO PRODUTO<\/p>\n<p>Esguicho pistola jet possui 6 op\u00e7\u00f5es de jato<br \/>\nMaterial: pl\u00e1stico PP + ABS refor\u00e7ado<br \/>\nProduto pr\u00e1tico e de f\u00e1cil manuseio<br \/>\nIndicado para uso dom\u00e9stico, jardinagem, limpeza de cal\u00e7adas e ve\u00edculos.<\/p>\n","protected":false},"excerpt":{"rendered":"<p>ESPECIFICA\u00c7\u00d5ES DO PRODUTO Esguicho pistola jet possui 6 op\u00e7\u00f5es de jato Material: pl\u00e1stico PP + ABS refor\u00e7ado Produto pr\u00e1tico e de f\u00e1cil manuseio Indicado para uso dom\u00e9stico, jardinagem, limpeza de cal\u00e7adas e ve\u00edculos.<\/p>\n","protected":false},"featured_media":11486,"comment_status":"open","ping_status":"closed","template":"","meta":[],"product_brand":[],"product_cat":[32],"product_tag":[],"class_list":{"0":"post-11433","1":"product","2":"type-product","3":"status-publish","4":"has-post-thumbnail","6":"product_cat-jardinagem","8":"first","9":"instock","10":"sale","11":"shipping-taxable","12":"purchasable","13":"product-type-simple"},"_links":{"self":[{"href":"https:\/\/marsangomateriais.com.br\/index.php\/wp-json\/wp\/v2\/product\/11433","targetHints":{"allow":["GET"]}}],"collection":[{"href":"https:\/\/marsangomateriais.com.br\/index.php\/wp-json\/wp\/v2\/product"}],"about":[{"href":"https:\/\/marsangomateriais.com.br\/index.php\/wp-json\/wp\/v2\/types\/product"}],"replies":[{"embeddable":true,"href":"https:\/\/marsangomateriais.com.br\/index.php\/wp-json\/wp\/v2\/comments?post=11433"}],"wp:featuredmedia":[{"embeddable":true,"href":"https:\/\/marsangomateriais.com.br\/index.php\/wp-json\/wp\/v2\/media\/11486"}],"wp:attachment":[{"href":"https:\/\/marsangomateriais.com.br\/index.php\/wp-json\/wp\/v2\/media?parent=11433"}],"wp:term":[{"taxonomy":"product_brand","embeddable":true,"href":"https:\/\/marsangomateriais.com.br\/index.php\/wp-json\/wp\/v2\/product_brand?post=11433"},{"taxonomy":"product_cat","embeddable":true,"href":"https:\/\/marsangomateriais.com.br\/index.php\/wp-json\/wp\/v2\/product_cat?post=11433"},{"taxonomy":"product_tag","embeddable":true,"href":"https:\/\/marsangomateriais.com.br\/index.php\/wp-json\/wp\/v2\/product_tag?post=11433"}],"curies":[{"name":"wp","href":"https:\/\/api.w.org\/{rel}","templated":true}]}}