{"id":11431,"date":"2026-05-13T15:43:37","date_gmt":"2026-05-13T18:43:37","guid":{"rendered":"https:\/\/marsangomateriais.com.br\/index.php\/produto\/esguicho-regulavel-kala\/"},"modified":"2026-05-14T08:31:21","modified_gmt":"2026-05-14T11:31:21","slug":"esguicho-regulavel-kala","status":"publish","type":"product","link":"https:\/\/marsangomateriais.com.br\/index.php\/produto\/esguicho-regulavel-kala\/","title":{"rendered":"Esguicho Regulavel &#8211; KALA"},"content":{"rendered":"<p>ESPECIFICA\u00c7\u00d5ES DO PRODUTO<\/p>\n<p>Material: Pl\u00e1stico ABS;.<br \/>\nCom bico ajust\u00e1vel;.<br \/>\nPr\u00e1tico de usar;.<br \/>\nF\u00e1cil manuseio.<br \/>\nDados T\u00e9cnicos.<br \/>\nEngate: 1\/2.<\/p>\n","protected":false},"excerpt":{"rendered":"<p>ESPECIFICA\u00c7\u00d5ES DO PRODUTO Material: Pl\u00e1stico ABS;. Com bico ajust\u00e1vel;. Pr\u00e1tico de usar;. F\u00e1cil manuseio. Dados T\u00e9cnicos. Engate: 1\/2.<\/p>\n","protected":false},"featured_media":11492,"comment_status":"open","ping_status":"closed","template":"","meta":[],"product_brand":[],"product_cat":[32],"product_tag":[],"class_list":{"0":"post-11431","1":"product","2":"type-product","3":"status-publish","4":"has-post-thumbnail","6":"product_cat-jardinagem","8":"first","9":"instock","10":"sale","11":"shipping-taxable","12":"purchasable","13":"product-type-simple"},"_links":{"self":[{"href":"https:\/\/marsangomateriais.com.br\/index.php\/wp-json\/wp\/v2\/product\/11431","targetHints":{"allow":["GET"]}}],"collection":[{"href":"https:\/\/marsangomateriais.com.br\/index.php\/wp-json\/wp\/v2\/product"}],"about":[{"href":"https:\/\/marsangomateriais.com.br\/index.php\/wp-json\/wp\/v2\/types\/product"}],"replies":[{"embeddable":true,"href":"https:\/\/marsangomateriais.com.br\/index.php\/wp-json\/wp\/v2\/comments?post=11431"}],"wp:featuredmedia":[{"embeddable":true,"href":"https:\/\/marsangomateriais.com.br\/index.php\/wp-json\/wp\/v2\/media\/11492"}],"wp:attachment":[{"href":"https:\/\/marsangomateriais.com.br\/index.php\/wp-json\/wp\/v2\/media?parent=11431"}],"wp:term":[{"taxonomy":"product_brand","embeddable":true,"href":"https:\/\/marsangomateriais.com.br\/index.php\/wp-json\/wp\/v2\/product_brand?post=11431"},{"taxonomy":"product_cat","embeddable":true,"href":"https:\/\/marsangomateriais.com.br\/index.php\/wp-json\/wp\/v2\/product_cat?post=11431"},{"taxonomy":"product_tag","embeddable":true,"href":"https:\/\/marsangomateriais.com.br\/index.php\/wp-json\/wp\/v2\/product_tag?post=11431"}],"curies":[{"name":"wp","href":"https:\/\/api.w.org\/{rel}","templated":true}]}}