{"id":11208,"date":"2026-05-05T10:13:04","date_gmt":"2026-05-05T13:13:04","guid":{"rendered":"https:\/\/marsangomateriais.com.br\/index.php\/produto\/balde-emborrachado-superflex-azul-12-litros-metasul\/"},"modified":"2026-05-05T13:38:12","modified_gmt":"2026-05-05T16:38:12","slug":"balde-emborrachado-superflex-azul-12-litros-metasul","status":"publish","type":"product","link":"https:\/\/marsangomateriais.com.br\/index.php\/produto\/balde-emborrachado-superflex-azul-12-litros-metasul\/","title":{"rendered":"Balde Emborrachado Superflex Azul 12 Litros &#8211; METASUL"},"content":{"rendered":"<p>ESPECIFICA\u00c7\u00d5ES DO PRODUTO<\/p>\n<p>Balde emborrachado de alta qualidade<br \/>\nRefor\u00e7ado<br \/>\nAl\u00e7a revestida com magueira<br \/>\nPega m\u00e3o no fundo do balde<br \/>\nCapacidade: 12 litros<br \/>\nCor: Azul<br \/>\nMarca: Metasul.<\/p>\n","protected":false},"excerpt":{"rendered":"<p>ESPECIFICA\u00c7\u00d5ES DO PRODUTO Balde emborrachado de alta qualidade Refor\u00e7ado Al\u00e7a revestida com magueira Pega m\u00e3o no fundo do balde Capacidade: 12 litros Cor: Azul Marca: Metasul.<\/p>\n","protected":false},"featured_media":11238,"comment_status":"open","ping_status":"closed","template":"","meta":[],"product_brand":[],"product_cat":[29],"product_tag":[],"class_list":{"0":"post-11208","1":"product","2":"type-product","3":"status-publish","4":"has-post-thumbnail","6":"product_cat-ferramentas","8":"first","9":"instock","10":"sale","11":"shipping-taxable","12":"purchasable","13":"product-type-simple"},"_links":{"self":[{"href":"https:\/\/marsangomateriais.com.br\/index.php\/wp-json\/wp\/v2\/product\/11208","targetHints":{"allow":["GET"]}}],"collection":[{"href":"https:\/\/marsangomateriais.com.br\/index.php\/wp-json\/wp\/v2\/product"}],"about":[{"href":"https:\/\/marsangomateriais.com.br\/index.php\/wp-json\/wp\/v2\/types\/product"}],"replies":[{"embeddable":true,"href":"https:\/\/marsangomateriais.com.br\/index.php\/wp-json\/wp\/v2\/comments?post=11208"}],"wp:featuredmedia":[{"embeddable":true,"href":"https:\/\/marsangomateriais.com.br\/index.php\/wp-json\/wp\/v2\/media\/11238"}],"wp:attachment":[{"href":"https:\/\/marsangomateriais.com.br\/index.php\/wp-json\/wp\/v2\/media?parent=11208"}],"wp:term":[{"taxonomy":"product_brand","embeddable":true,"href":"https:\/\/marsangomateriais.com.br\/index.php\/wp-json\/wp\/v2\/product_brand?post=11208"},{"taxonomy":"product_cat","embeddable":true,"href":"https:\/\/marsangomateriais.com.br\/index.php\/wp-json\/wp\/v2\/product_cat?post=11208"},{"taxonomy":"product_tag","embeddable":true,"href":"https:\/\/marsangomateriais.com.br\/index.php\/wp-json\/wp\/v2\/product_tag?post=11208"}],"curies":[{"name":"wp","href":"https:\/\/api.w.org\/{rel}","templated":true}]}}