{"id":11198,"date":"2026-05-05T10:11:03","date_gmt":"2026-05-05T13:11:03","guid":{"rendered":"https:\/\/marsangomateriais.com.br\/index.php\/produto\/trena-standard-8m-irwin\/"},"modified":"2026-05-12T09:40:45","modified_gmt":"2026-05-12T12:40:45","slug":"trena-standard-8m-irwin","status":"publish","type":"product","link":"https:\/\/marsangomateriais.com.br\/index.php\/produto\/trena-standard-8m-irwin\/","title":{"rendered":"Trena Standard 8M &#8211; IRWIN"},"content":{"rendered":"<p>A <strong data-start=\"2\" data-end=\"31\">Trena Standard 8M &#8211; IRWIN<\/strong> \u00e9 uma ferramenta resistente e precisa, ideal para medi\u00e7\u00f5es em obras, marcenaria, carpintaria, instala\u00e7\u00f5es e servi\u00e7os em geral. Possui fita de a\u00e7o com cobertura em nylon, garantindo maior durabilidade e resist\u00eancia ao desgaste durante o uso di\u00e1rio.<\/p>\n","protected":false},"excerpt":{"rendered":"<p>A Trena Standard 8M &#8211; IRWIN \u00e9 uma ferramenta resistente e precisa, ideal para medi\u00e7\u00f5es em obras, marcenaria, carpintaria, instala\u00e7\u00f5es e servi\u00e7os em geral. Possui fita de a\u00e7o com cobertura em nylon, garantindo maior durabilidade e resist\u00eancia ao desgaste durante o uso di\u00e1rio.<\/p>\n","protected":false},"featured_media":11243,"comment_status":"open","ping_status":"closed","template":"","meta":[],"product_brand":[],"product_cat":[29],"product_tag":[],"class_list":{"0":"post-11198","1":"product","2":"type-product","3":"status-publish","4":"has-post-thumbnail","6":"product_cat-ferramentas","8":"first","9":"instock","10":"sale","11":"shipping-taxable","12":"purchasable","13":"product-type-simple"},"_links":{"self":[{"href":"https:\/\/marsangomateriais.com.br\/index.php\/wp-json\/wp\/v2\/product\/11198","targetHints":{"allow":["GET"]}}],"collection":[{"href":"https:\/\/marsangomateriais.com.br\/index.php\/wp-json\/wp\/v2\/product"}],"about":[{"href":"https:\/\/marsangomateriais.com.br\/index.php\/wp-json\/wp\/v2\/types\/product"}],"replies":[{"embeddable":true,"href":"https:\/\/marsangomateriais.com.br\/index.php\/wp-json\/wp\/v2\/comments?post=11198"}],"wp:featuredmedia":[{"embeddable":true,"href":"https:\/\/marsangomateriais.com.br\/index.php\/wp-json\/wp\/v2\/media\/11243"}],"wp:attachment":[{"href":"https:\/\/marsangomateriais.com.br\/index.php\/wp-json\/wp\/v2\/media?parent=11198"}],"wp:term":[{"taxonomy":"product_brand","embeddable":true,"href":"https:\/\/marsangomateriais.com.br\/index.php\/wp-json\/wp\/v2\/product_brand?post=11198"},{"taxonomy":"product_cat","embeddable":true,"href":"https:\/\/marsangomateriais.com.br\/index.php\/wp-json\/wp\/v2\/product_cat?post=11198"},{"taxonomy":"product_tag","embeddable":true,"href":"https:\/\/marsangomateriais.com.br\/index.php\/wp-json\/wp\/v2\/product_tag?post=11198"}],"curies":[{"name":"wp","href":"https:\/\/api.w.org\/{rel}","templated":true}]}}