{"id":11026,"date":"2026-05-04T08:00:58","date_gmt":"2026-05-04T11:00:58","guid":{"rendered":"https:\/\/marsangomateriais.com.br\/index.php\/produto\/engate-rapido-com-aquastop-para-jardim-tramontina\/"},"modified":"2026-05-04T11:44:10","modified_gmt":"2026-05-04T14:44:10","slug":"engate-rapido-com-aquastop-para-jardim-tramontina","status":"publish","type":"product","link":"https:\/\/marsangomateriais.com.br\/index.php\/produto\/engate-rapido-com-aquastop-para-jardim-tramontina\/","title":{"rendered":"Engate R\u00e1pido Com Aquastop Para Jardim &#8211; TRAMONTINA"},"content":{"rendered":"<p>ESPECIFICA\u00c7\u00d5ES DO PRODUTO<\/p>\n<p>ENGATE RAPIDO COM AQUASTOP PARA JARDIM ? TRAMONTINA<br \/>\nRefer\u00eancia: 78508000<\/p>\n","protected":false},"excerpt":{"rendered":"<p>ESPECIFICA\u00c7\u00d5ES DO PRODUTO ENGATE RAPIDO COM AQUASTOP PARA JARDIM ? TRAMONTINA Refer\u00eancia: 78508000<\/p>\n","protected":false},"featured_media":11130,"comment_status":"open","ping_status":"closed","template":"","meta":[],"product_brand":[],"product_cat":[32],"product_tag":[],"class_list":{"0":"post-11026","1":"product","2":"type-product","3":"status-publish","4":"has-post-thumbnail","6":"product_cat-jardinagem","8":"first","9":"instock","10":"sale","11":"shipping-taxable","12":"purchasable","13":"product-type-simple"},"_links":{"self":[{"href":"https:\/\/marsangomateriais.com.br\/index.php\/wp-json\/wp\/v2\/product\/11026","targetHints":{"allow":["GET"]}}],"collection":[{"href":"https:\/\/marsangomateriais.com.br\/index.php\/wp-json\/wp\/v2\/product"}],"about":[{"href":"https:\/\/marsangomateriais.com.br\/index.php\/wp-json\/wp\/v2\/types\/product"}],"replies":[{"embeddable":true,"href":"https:\/\/marsangomateriais.com.br\/index.php\/wp-json\/wp\/v2\/comments?post=11026"}],"wp:featuredmedia":[{"embeddable":true,"href":"https:\/\/marsangomateriais.com.br\/index.php\/wp-json\/wp\/v2\/media\/11130"}],"wp:attachment":[{"href":"https:\/\/marsangomateriais.com.br\/index.php\/wp-json\/wp\/v2\/media?parent=11026"}],"wp:term":[{"taxonomy":"product_brand","embeddable":true,"href":"https:\/\/marsangomateriais.com.br\/index.php\/wp-json\/wp\/v2\/product_brand?post=11026"},{"taxonomy":"product_cat","embeddable":true,"href":"https:\/\/marsangomateriais.com.br\/index.php\/wp-json\/wp\/v2\/product_cat?post=11026"},{"taxonomy":"product_tag","embeddable":true,"href":"https:\/\/marsangomateriais.com.br\/index.php\/wp-json\/wp\/v2\/product_tag?post=11026"}],"curies":[{"name":"wp","href":"https:\/\/api.w.org\/{rel}","templated":true}]}}