{"id":11017,"date":"2026-05-04T07:56:57","date_gmt":"2026-05-04T10:56:57","guid":{"rendered":"https:\/\/marsangomateriais.com.br\/index.php\/produto\/canivete-inox-reto-cabo-plastico-3-tramontina\/"},"modified":"2026-05-04T11:24:22","modified_gmt":"2026-05-04T14:24:22","slug":"canivete-inox-reto-cabo-plastico-3-tramontina","status":"publish","type":"product","link":"https:\/\/marsangomateriais.com.br\/index.php\/produto\/canivete-inox-reto-cabo-plastico-3-tramontina\/","title":{"rendered":"Canivete Inox Reto Cabo Plastico 3&#8243; &#8211; TRAMONTINA"},"content":{"rendered":"<p>ESPECIFICA\u00c7\u00d5ES DO PRODUTO<\/p>\n<p>L\u00e2mina com maior durabilidade do fio devido ao tratamento t\u00e9rmico<br \/>\nCabo de ABS, tem muito mais resist\u00eancia e durabilidade<br \/>\nCabo com ranhuras para melhor seguran\u00e7a durante o manuseio<br \/>\nPode ir \u00e0 m\u00e1quina de lavar lou\u00e7as.<\/p>\n","protected":false},"excerpt":{"rendered":"<p>ESPECIFICA\u00c7\u00d5ES DO PRODUTO L\u00e2mina com maior durabilidade do fio devido ao tratamento t\u00e9rmico Cabo de ABS, tem muito mais resist\u00eancia e durabilidade Cabo com ranhuras para melhor seguran\u00e7a durante o manuseio Pode ir \u00e0 m\u00e1quina de lavar lou\u00e7as.<\/p>\n","protected":false},"featured_media":11123,"comment_status":"open","ping_status":"closed","template":"","meta":[],"product_brand":[],"product_cat":[29],"product_tag":[],"class_list":{"0":"post-11017","1":"product","2":"type-product","3":"status-publish","4":"has-post-thumbnail","6":"product_cat-ferramentas","8":"first","9":"instock","10":"sale","11":"shipping-taxable","12":"purchasable","13":"product-type-simple"},"_links":{"self":[{"href":"https:\/\/marsangomateriais.com.br\/index.php\/wp-json\/wp\/v2\/product\/11017","targetHints":{"allow":["GET"]}}],"collection":[{"href":"https:\/\/marsangomateriais.com.br\/index.php\/wp-json\/wp\/v2\/product"}],"about":[{"href":"https:\/\/marsangomateriais.com.br\/index.php\/wp-json\/wp\/v2\/types\/product"}],"replies":[{"embeddable":true,"href":"https:\/\/marsangomateriais.com.br\/index.php\/wp-json\/wp\/v2\/comments?post=11017"}],"wp:featuredmedia":[{"embeddable":true,"href":"https:\/\/marsangomateriais.com.br\/index.php\/wp-json\/wp\/v2\/media\/11123"}],"wp:attachment":[{"href":"https:\/\/marsangomateriais.com.br\/index.php\/wp-json\/wp\/v2\/media?parent=11017"}],"wp:term":[{"taxonomy":"product_brand","embeddable":true,"href":"https:\/\/marsangomateriais.com.br\/index.php\/wp-json\/wp\/v2\/product_brand?post=11017"},{"taxonomy":"product_cat","embeddable":true,"href":"https:\/\/marsangomateriais.com.br\/index.php\/wp-json\/wp\/v2\/product_cat?post=11017"},{"taxonomy":"product_tag","embeddable":true,"href":"https:\/\/marsangomateriais.com.br\/index.php\/wp-json\/wp\/v2\/product_tag?post=11017"}],"curies":[{"name":"wp","href":"https:\/\/api.w.org\/{rel}","templated":true}]}}