{"id":10927,"date":"2026-04-24T10:36:21","date_gmt":"2026-04-24T13:36:21","guid":{"rendered":"https:\/\/marsangomateriais.com.br\/index.php\/produto\/caixa-de-descarga-branca-tigre\/"},"modified":"2026-04-24T11:23:55","modified_gmt":"2026-04-24T14:23:55","slug":"caixa-de-descarga-branca-tigre","status":"publish","type":"product","link":"https:\/\/marsangomateriais.com.br\/index.php\/produto\/caixa-de-descarga-branca-tigre\/","title":{"rendered":"Caixa de Descarga Branca &#8211; TIGRE"},"content":{"rendered":"<p>ESPECIFICA\u00c7\u00d5ES DO PRODUTO<\/p>\n<p>Acompanha: 1 caixa de descarga alta, 2 parafusos, 2 buchas e manual de instala\u00e7\u00e3o na embalagem;<br \/>\nMedidas: 33x13x26 cm;<br \/>\nMaterial: Pl\u00e1stico;<br \/>\nCapacidade em volume: 9L;<\/p>\n","protected":false},"excerpt":{"rendered":"<p>ESPECIFICA\u00c7\u00d5ES DO PRODUTO Acompanha: 1 caixa de descarga alta, 2 parafusos, 2 buchas e manual de instala\u00e7\u00e3o na embalagem; Medidas: 33x13x26 cm; Material: Pl\u00e1stico; Capacidade em volume: 9L;<\/p>\n","protected":false},"featured_media":10950,"comment_status":"open","ping_status":"closed","template":"","meta":[],"product_brand":[],"product_cat":[33],"product_tag":[],"class_list":{"0":"post-10927","1":"product","2":"type-product","3":"status-publish","4":"has-post-thumbnail","6":"product_cat-banheiros-e-acessorios","8":"first","9":"instock","10":"sale","11":"shipping-taxable","12":"purchasable","13":"product-type-simple"},"_links":{"self":[{"href":"https:\/\/marsangomateriais.com.br\/index.php\/wp-json\/wp\/v2\/product\/10927","targetHints":{"allow":["GET"]}}],"collection":[{"href":"https:\/\/marsangomateriais.com.br\/index.php\/wp-json\/wp\/v2\/product"}],"about":[{"href":"https:\/\/marsangomateriais.com.br\/index.php\/wp-json\/wp\/v2\/types\/product"}],"replies":[{"embeddable":true,"href":"https:\/\/marsangomateriais.com.br\/index.php\/wp-json\/wp\/v2\/comments?post=10927"}],"wp:featuredmedia":[{"embeddable":true,"href":"https:\/\/marsangomateriais.com.br\/index.php\/wp-json\/wp\/v2\/media\/10950"}],"wp:attachment":[{"href":"https:\/\/marsangomateriais.com.br\/index.php\/wp-json\/wp\/v2\/media?parent=10927"}],"wp:term":[{"taxonomy":"product_brand","embeddable":true,"href":"https:\/\/marsangomateriais.com.br\/index.php\/wp-json\/wp\/v2\/product_brand?post=10927"},{"taxonomy":"product_cat","embeddable":true,"href":"https:\/\/marsangomateriais.com.br\/index.php\/wp-json\/wp\/v2\/product_cat?post=10927"},{"taxonomy":"product_tag","embeddable":true,"href":"https:\/\/marsangomateriais.com.br\/index.php\/wp-json\/wp\/v2\/product_tag?post=10927"}],"curies":[{"name":"wp","href":"https:\/\/api.w.org\/{rel}","templated":true}]}}