{"id":10866,"date":"2026-04-23T15:56:12","date_gmt":"2026-04-23T18:56:12","guid":{"rendered":"https:\/\/marsangomateriais.com.br\/index.php\/produto\/pulverizador-manual-1-litro-worker\/"},"modified":"2026-04-23T17:11:45","modified_gmt":"2026-04-23T20:11:45","slug":"pulverizador-manual-1-litro-worker","status":"publish","type":"product","link":"https:\/\/marsangomateriais.com.br\/index.php\/produto\/pulverizador-manual-1-litro-worker\/","title":{"rendered":"Pulverizador Manual 1 Litro- WORKER"},"content":{"rendered":"<p>ESPECIFICA\u00c7\u00d5ES DO PRODUTO<\/p>\n<p>Proteja a sua planta\u00e7\u00e3o com este item indispens\u00e1vel na agricultura. Este pulverizador \u00e9 ideal para auxiliar o combate \u00e0s ervas daninhas, insetos e pragas que podem destruir frutas e vegetais. Voc\u00ea pode escolher entre usar dosagens de inseticidas e fertilizantes sobre a \u00e1rea de interesse, fazendo com que sua horta cres\u00e7a de maneira mais saud\u00e1vel.<br \/>\nRefer\u00eancia: 199958<\/p>\n","protected":false},"excerpt":{"rendered":"<p>ESPECIFICA\u00c7\u00d5ES DO PRODUTO Proteja a sua planta\u00e7\u00e3o com este item indispens\u00e1vel na agricultura. Este pulverizador \u00e9 ideal para auxiliar o combate \u00e0s ervas daninhas, insetos e pragas que podem destruir frutas e vegetais. Voc\u00ea pode escolher entre usar dosagens de inseticidas e fertilizantes sobre a \u00e1rea de interesse, fazendo com que sua horta cres\u00e7a de [&hellip;]<\/p>\n","protected":false},"featured_media":10893,"comment_status":"open","ping_status":"closed","template":"","meta":[],"product_brand":[],"product_cat":[32],"product_tag":[],"class_list":{"0":"post-10866","1":"product","2":"type-product","3":"status-publish","4":"has-post-thumbnail","6":"product_cat-jardinagem","8":"first","9":"instock","10":"sale","11":"shipping-taxable","12":"purchasable","13":"product-type-simple"},"_links":{"self":[{"href":"https:\/\/marsangomateriais.com.br\/index.php\/wp-json\/wp\/v2\/product\/10866","targetHints":{"allow":["GET"]}}],"collection":[{"href":"https:\/\/marsangomateriais.com.br\/index.php\/wp-json\/wp\/v2\/product"}],"about":[{"href":"https:\/\/marsangomateriais.com.br\/index.php\/wp-json\/wp\/v2\/types\/product"}],"replies":[{"embeddable":true,"href":"https:\/\/marsangomateriais.com.br\/index.php\/wp-json\/wp\/v2\/comments?post=10866"}],"wp:featuredmedia":[{"embeddable":true,"href":"https:\/\/marsangomateriais.com.br\/index.php\/wp-json\/wp\/v2\/media\/10893"}],"wp:attachment":[{"href":"https:\/\/marsangomateriais.com.br\/index.php\/wp-json\/wp\/v2\/media?parent=10866"}],"wp:term":[{"taxonomy":"product_brand","embeddable":true,"href":"https:\/\/marsangomateriais.com.br\/index.php\/wp-json\/wp\/v2\/product_brand?post=10866"},{"taxonomy":"product_cat","embeddable":true,"href":"https:\/\/marsangomateriais.com.br\/index.php\/wp-json\/wp\/v2\/product_cat?post=10866"},{"taxonomy":"product_tag","embeddable":true,"href":"https:\/\/marsangomateriais.com.br\/index.php\/wp-json\/wp\/v2\/product_tag?post=10866"}],"curies":[{"name":"wp","href":"https:\/\/api.w.org\/{rel}","templated":true}]}}