{"id":10860,"date":"2026-04-23T15:50:11","date_gmt":"2026-04-23T18:50:11","guid":{"rendered":"https:\/\/marsangomateriais.com.br\/index.php\/produto\/esguicho-engate-rosqueado-1-2-tramontina\/"},"modified":"2026-04-23T16:34:18","modified_gmt":"2026-04-23T19:34:18","slug":"esguicho-engate-rosqueado-1-2-tramontina","status":"publish","type":"product","link":"https:\/\/marsangomateriais.com.br\/index.php\/produto\/esguicho-engate-rosqueado-1-2-tramontina\/","title":{"rendered":"Esguicho Engate Rosqueado 1\/2 &#8211; TRAMONTINA"},"content":{"rendered":"<p>ESPECIFICA\u00c7\u00d5ES DO PRODUTO<\/p>\n<p>Esguicho com jato regul\u00e1vel para engate r\u00e1pido.<br \/>\nBenef\u00edcios: 1. Produto fabricado com mat\u00e9ria-prima de alta qualidade proporcionando uma irriga\u00e7\u00e3o precisa e confi\u00e1vel;<br \/>\n2. Possui sistema de bloqueio da \u00e1gua;<br \/>\n3. O jato \u00e9 regul\u00e1vel, podendo ser forte com press\u00e3o para molhar o gramado ou plantas grandes, e um jato suave para molhar culturas mais sens\u00edveis como flores e hortas;<br \/>\n4. Sistema intercambi\u00e1vel que se adapta a todo o sistema de irriga\u00e7\u00e3o;<br \/>\n5. Dispensa o uso de ferramentas na montagem.<br \/>\nRefer\u00eancia: 78514000<\/p>\n","protected":false},"excerpt":{"rendered":"<p>ESPECIFICA\u00c7\u00d5ES DO PRODUTO Esguicho com jato regul\u00e1vel para engate r\u00e1pido. Benef\u00edcios: 1. Produto fabricado com mat\u00e9ria-prima de alta qualidade proporcionando uma irriga\u00e7\u00e3o precisa e confi\u00e1vel; 2. Possui sistema de bloqueio da \u00e1gua; 3. O jato \u00e9 regul\u00e1vel, podendo ser forte com press\u00e3o para molhar o gramado ou plantas grandes, e um jato suave para molhar [&hellip;]<\/p>\n","protected":false},"featured_media":10879,"comment_status":"open","ping_status":"closed","template":"","meta":[],"product_brand":[],"product_cat":[32],"product_tag":[],"class_list":{"0":"post-10860","1":"product","2":"type-product","3":"status-publish","4":"has-post-thumbnail","6":"product_cat-jardinagem","8":"first","9":"instock","10":"sale","11":"shipping-taxable","12":"purchasable","13":"product-type-simple"},"_links":{"self":[{"href":"https:\/\/marsangomateriais.com.br\/index.php\/wp-json\/wp\/v2\/product\/10860","targetHints":{"allow":["GET"]}}],"collection":[{"href":"https:\/\/marsangomateriais.com.br\/index.php\/wp-json\/wp\/v2\/product"}],"about":[{"href":"https:\/\/marsangomateriais.com.br\/index.php\/wp-json\/wp\/v2\/types\/product"}],"replies":[{"embeddable":true,"href":"https:\/\/marsangomateriais.com.br\/index.php\/wp-json\/wp\/v2\/comments?post=10860"}],"wp:featuredmedia":[{"embeddable":true,"href":"https:\/\/marsangomateriais.com.br\/index.php\/wp-json\/wp\/v2\/media\/10879"}],"wp:attachment":[{"href":"https:\/\/marsangomateriais.com.br\/index.php\/wp-json\/wp\/v2\/media?parent=10860"}],"wp:term":[{"taxonomy":"product_brand","embeddable":true,"href":"https:\/\/marsangomateriais.com.br\/index.php\/wp-json\/wp\/v2\/product_brand?post=10860"},{"taxonomy":"product_cat","embeddable":true,"href":"https:\/\/marsangomateriais.com.br\/index.php\/wp-json\/wp\/v2\/product_cat?post=10860"},{"taxonomy":"product_tag","embeddable":true,"href":"https:\/\/marsangomateriais.com.br\/index.php\/wp-json\/wp\/v2\/product_tag?post=10860"}],"curies":[{"name":"wp","href":"https:\/\/api.w.org\/{rel}","templated":true}]}}