{"id":10859,"date":"2026-04-23T15:50:11","date_gmt":"2026-04-23T18:50:11","guid":{"rendered":"https:\/\/marsangomateriais.com.br\/index.php\/produto\/tesoura-poda-reta-20-5cm-kala\/"},"modified":"2026-04-23T16:48:34","modified_gmt":"2026-04-23T19:48:34","slug":"tesoura-poda-reta-20-5cm-kala","status":"publish","type":"product","link":"https:\/\/marsangomateriais.com.br\/index.php\/produto\/tesoura-poda-reta-20-5cm-kala\/","title":{"rendered":"Tesoura Poda Reta 20 5CM &#8211; KALA"},"content":{"rendered":"<p>ESPECIFICA\u00c7\u00d5ES DO PRODUTO<\/p>\n<p>Descri\u00e7\u00e3o do Produto<br \/>\n?Tesoura para poda 8&#8243; cabo emborrachado<br \/>\n?Usada na jardinagem, fruticultura ou paisagismo, para poda de galhos<br \/>\n?Recomendada para uso profissional<br \/>\n?Trava de seguran\u00e7a.<\/p>\n","protected":false},"excerpt":{"rendered":"<p>ESPECIFICA\u00c7\u00d5ES DO PRODUTO Descri\u00e7\u00e3o do Produto ?Tesoura para poda 8&#8243; cabo emborrachado ?Usada na jardinagem, fruticultura ou paisagismo, para poda de galhos ?Recomendada para uso profissional ?Trava de seguran\u00e7a.<\/p>\n","protected":false},"featured_media":10883,"comment_status":"open","ping_status":"closed","template":"","meta":[],"product_brand":[],"product_cat":[32],"product_tag":[],"class_list":{"0":"post-10859","1":"product","2":"type-product","3":"status-publish","4":"has-post-thumbnail","6":"product_cat-jardinagem","8":"first","9":"instock","10":"sale","11":"shipping-taxable","12":"purchasable","13":"product-type-simple"},"_links":{"self":[{"href":"https:\/\/marsangomateriais.com.br\/index.php\/wp-json\/wp\/v2\/product\/10859","targetHints":{"allow":["GET"]}}],"collection":[{"href":"https:\/\/marsangomateriais.com.br\/index.php\/wp-json\/wp\/v2\/product"}],"about":[{"href":"https:\/\/marsangomateriais.com.br\/index.php\/wp-json\/wp\/v2\/types\/product"}],"replies":[{"embeddable":true,"href":"https:\/\/marsangomateriais.com.br\/index.php\/wp-json\/wp\/v2\/comments?post=10859"}],"wp:featuredmedia":[{"embeddable":true,"href":"https:\/\/marsangomateriais.com.br\/index.php\/wp-json\/wp\/v2\/media\/10883"}],"wp:attachment":[{"href":"https:\/\/marsangomateriais.com.br\/index.php\/wp-json\/wp\/v2\/media?parent=10859"}],"wp:term":[{"taxonomy":"product_brand","embeddable":true,"href":"https:\/\/marsangomateriais.com.br\/index.php\/wp-json\/wp\/v2\/product_brand?post=10859"},{"taxonomy":"product_cat","embeddable":true,"href":"https:\/\/marsangomateriais.com.br\/index.php\/wp-json\/wp\/v2\/product_cat?post=10859"},{"taxonomy":"product_tag","embeddable":true,"href":"https:\/\/marsangomateriais.com.br\/index.php\/wp-json\/wp\/v2\/product_tag?post=10859"}],"curies":[{"name":"wp","href":"https:\/\/api.w.org\/{rel}","templated":true}]}}