{"id":10824,"date":"2026-04-23T13:52:15","date_gmt":"2026-04-23T16:52:15","guid":{"rendered":"https:\/\/marsangomateriais.com.br\/index.php\/produto\/cola-branca-pva-extra-1kg-tekbond\/"},"modified":"2026-04-23T14:22:45","modified_gmt":"2026-04-23T17:22:45","slug":"cola-branca-pva-extra-1kg-tekbond","status":"publish","type":"product","link":"https:\/\/marsangomateriais.com.br\/index.php\/produto\/cola-branca-pva-extra-1kg-tekbond\/","title":{"rendered":"Cola Branca Pva Extra 1KG &#8211; TEKBOND"},"content":{"rendered":"<p>ESPECIFICA\u00c7\u00d5ES DO PRODUTO<\/p>\n<p>COLA BRANCA PVA EXTRA<br \/>\nAdere a diversos artefatos de madeira como: F\u00f3rmica, aglomerados, laminados, Duratex, papel, papel\u00e3o, superf\u00edcies porosas em geral. Pode ser utilizada nos processos convencionais de colagem: prensagem a frio e a quente.<\/p>\n<p>\u00c9 um adesivo a base de PVA ? Acetato de Polivinila, especialmente desenvolvida para colagens em madeira onde se requeira um excelente acabamento e uma colagem perfeita.<\/p>\n<p>INSTRU\u00c7\u00d5ES DE USO:<br \/>\n1. Aplicar uma camada uniforme do adesivo em uma das superf\u00edcies, em seguida fa\u00e7a a uni\u00e3o das pe\u00e7as antes da secagem do adesivo e prense.<\/p>\n<p>2. A cura total \u00e9 de 24 a 48 horas em fun\u00e7\u00e3o do clima, quantidade de adesivo e peso das pe\u00e7as a serem fixadas.<\/p>\n<p>DADOS T\u00c9CNICOS:<br \/>\nApar\u00eancia (visual): L\u00edquido branco com odor caracter\u00edstico<\/p>\n<p>Viscosidade a 25\u00b0C: 7.000 a 9.000<\/p>\n<p>Teor de s\u00f3lidos: 45 a 47 %<\/p>\n<p>pH a 25\u00b0C: 4,00 a 6,00<\/p>\n<p>Densidade a 25\u00b0C: 1,02 a 1,07<\/p>\n","protected":false},"excerpt":{"rendered":"<p>ESPECIFICA\u00c7\u00d5ES DO PRODUTO COLA BRANCA PVA EXTRA Adere a diversos artefatos de madeira como: F\u00f3rmica, aglomerados, laminados, Duratex, papel, papel\u00e3o, superf\u00edcies porosas em geral. Pode ser utilizada nos processos convencionais de colagem: prensagem a frio e a quente. \u00c9 um adesivo a base de PVA ? Acetato de Polivinila, especialmente desenvolvida para colagens em madeira [&hellip;]<\/p>\n","protected":false},"featured_media":10837,"comment_status":"open","ping_status":"closed","template":"","meta":[],"product_brand":[],"product_cat":[26],"product_tag":[],"class_list":{"0":"post-10824","1":"product","2":"type-product","3":"status-publish","4":"has-post-thumbnail","6":"product_cat-isolamentos-e-adesivos","8":"first","9":"instock","10":"sale","11":"shipping-taxable","12":"purchasable","13":"product-type-simple"},"_links":{"self":[{"href":"https:\/\/marsangomateriais.com.br\/index.php\/wp-json\/wp\/v2\/product\/10824","targetHints":{"allow":["GET"]}}],"collection":[{"href":"https:\/\/marsangomateriais.com.br\/index.php\/wp-json\/wp\/v2\/product"}],"about":[{"href":"https:\/\/marsangomateriais.com.br\/index.php\/wp-json\/wp\/v2\/types\/product"}],"replies":[{"embeddable":true,"href":"https:\/\/marsangomateriais.com.br\/index.php\/wp-json\/wp\/v2\/comments?post=10824"}],"wp:featuredmedia":[{"embeddable":true,"href":"https:\/\/marsangomateriais.com.br\/index.php\/wp-json\/wp\/v2\/media\/10837"}],"wp:attachment":[{"href":"https:\/\/marsangomateriais.com.br\/index.php\/wp-json\/wp\/v2\/media?parent=10824"}],"wp:term":[{"taxonomy":"product_brand","embeddable":true,"href":"https:\/\/marsangomateriais.com.br\/index.php\/wp-json\/wp\/v2\/product_brand?post=10824"},{"taxonomy":"product_cat","embeddable":true,"href":"https:\/\/marsangomateriais.com.br\/index.php\/wp-json\/wp\/v2\/product_cat?post=10824"},{"taxonomy":"product_tag","embeddable":true,"href":"https:\/\/marsangomateriais.com.br\/index.php\/wp-json\/wp\/v2\/product_tag?post=10824"}],"curies":[{"name":"wp","href":"https:\/\/api.w.org\/{rel}","templated":true}]}}