{"id":10822,"date":"2026-04-23T13:50:13","date_gmt":"2026-04-23T16:50:13","guid":{"rendered":"https:\/\/marsangomateriais.com.br\/index.php\/produto\/adesivo-aquatherm-175g-tigre\/"},"modified":"2026-04-23T14:16:18","modified_gmt":"2026-04-23T17:16:18","slug":"adesivo-aquatherm-175g-tigre","status":"publish","type":"product","link":"https:\/\/marsangomateriais.com.br\/index.php\/produto\/adesivo-aquatherm-175g-tigre\/","title":{"rendered":"Adesivo Aquatherm 175G &#8211; TIGRE"},"content":{"rendered":"<p>ESPECIFICA\u00c7\u00d5ES DO PRODUTO<\/p>\n<p>Produto a base de misturas de solventes formalde\u00eddos, cetonas e resinas de PVC.<br \/>\nProduto inflam\u00e1vel, com vapores t\u00f3xicos.<br \/>\nIncompat\u00edvel com materiais oxidantes fortes, como cloro l\u00edquido ou oxig\u00eanio concentrado.<br \/>\nF\u00e1cil de aplicar, n\u00e3o necessitando de ferramentas especiais.<br \/>\nPerfeita estanqueidade, j\u00e1 que o processo de soldagem a frio promove rea\u00e7\u00e3o qu\u00edmica que funde as superf\u00edcies em contato.<\/p>\n","protected":false},"excerpt":{"rendered":"<p>ESPECIFICA\u00c7\u00d5ES DO PRODUTO Produto a base de misturas de solventes formalde\u00eddos, cetonas e resinas de PVC. Produto inflam\u00e1vel, com vapores t\u00f3xicos. Incompat\u00edvel com materiais oxidantes fortes, como cloro l\u00edquido ou oxig\u00eanio concentrado. F\u00e1cil de aplicar, n\u00e3o necessitando de ferramentas especiais. Perfeita estanqueidade, j\u00e1 que o processo de soldagem a frio promove rea\u00e7\u00e3o qu\u00edmica que funde [&hellip;]<\/p>\n","protected":false},"featured_media":10834,"comment_status":"open","ping_status":"closed","template":"","meta":[],"product_brand":[],"product_cat":[26],"product_tag":[],"class_list":{"0":"post-10822","1":"product","2":"type-product","3":"status-publish","4":"has-post-thumbnail","6":"product_cat-isolamentos-e-adesivos","8":"first","9":"instock","10":"sale","11":"shipping-taxable","12":"purchasable","13":"product-type-simple"},"_links":{"self":[{"href":"https:\/\/marsangomateriais.com.br\/index.php\/wp-json\/wp\/v2\/product\/10822","targetHints":{"allow":["GET"]}}],"collection":[{"href":"https:\/\/marsangomateriais.com.br\/index.php\/wp-json\/wp\/v2\/product"}],"about":[{"href":"https:\/\/marsangomateriais.com.br\/index.php\/wp-json\/wp\/v2\/types\/product"}],"replies":[{"embeddable":true,"href":"https:\/\/marsangomateriais.com.br\/index.php\/wp-json\/wp\/v2\/comments?post=10822"}],"wp:featuredmedia":[{"embeddable":true,"href":"https:\/\/marsangomateriais.com.br\/index.php\/wp-json\/wp\/v2\/media\/10834"}],"wp:attachment":[{"href":"https:\/\/marsangomateriais.com.br\/index.php\/wp-json\/wp\/v2\/media?parent=10822"}],"wp:term":[{"taxonomy":"product_brand","embeddable":true,"href":"https:\/\/marsangomateriais.com.br\/index.php\/wp-json\/wp\/v2\/product_brand?post=10822"},{"taxonomy":"product_cat","embeddable":true,"href":"https:\/\/marsangomateriais.com.br\/index.php\/wp-json\/wp\/v2\/product_cat?post=10822"},{"taxonomy":"product_tag","embeddable":true,"href":"https:\/\/marsangomateriais.com.br\/index.php\/wp-json\/wp\/v2\/product_tag?post=10822"}],"curies":[{"name":"wp","href":"https:\/\/api.w.org\/{rel}","templated":true}]}}