{"id":10739,"date":"2026-04-20T09:59:56","date_gmt":"2026-04-20T12:59:56","guid":{"rendered":"https:\/\/marsangomateriais.com.br\/index.php\/produto\/classic-3000-rosqueada-quadrada-externa-black-stam\/"},"modified":"2026-04-20T15:44:38","modified_gmt":"2026-04-20T18:44:38","slug":"classic-3000-rosqueada-quadrada-externa-black-stam","status":"publish","type":"product","link":"https:\/\/marsangomateriais.com.br\/index.php\/produto\/classic-3000-rosqueada-quadrada-externa-black-stam\/","title":{"rendered":"Classic 3000 Rosqueada Quadrada &#8211; Externa Black &#8211; STAM"},"content":{"rendered":"<p>ESPECIFICA\u00c7\u00d5ES DO PRODUTO<\/p>\n<p>CLASSIC 3000 ROSQUEADA QUADRADA &#8211; EXTERNA BLACK ? STAM<br \/>\nRefer\u00eancia: 40733<\/p>\n","protected":false},"excerpt":{"rendered":"<p>ESPECIFICA\u00c7\u00d5ES DO PRODUTO CLASSIC 3000 ROSQUEADA QUADRADA &#8211; EXTERNA BLACK ? STAM Refer\u00eancia: 40733<\/p>\n","protected":false},"featured_media":10793,"comment_status":"open","ping_status":"closed","template":"","meta":[],"product_brand":[],"product_cat":[31],"product_tag":[],"class_list":{"0":"post-10739","1":"product","2":"type-product","3":"status-publish","4":"has-post-thumbnail","6":"product_cat-fechaduras-de-seguranca","8":"first","9":"instock","10":"sale","11":"shipping-taxable","12":"purchasable","13":"product-type-simple"},"_links":{"self":[{"href":"https:\/\/marsangomateriais.com.br\/index.php\/wp-json\/wp\/v2\/product\/10739","targetHints":{"allow":["GET"]}}],"collection":[{"href":"https:\/\/marsangomateriais.com.br\/index.php\/wp-json\/wp\/v2\/product"}],"about":[{"href":"https:\/\/marsangomateriais.com.br\/index.php\/wp-json\/wp\/v2\/types\/product"}],"replies":[{"embeddable":true,"href":"https:\/\/marsangomateriais.com.br\/index.php\/wp-json\/wp\/v2\/comments?post=10739"}],"wp:featuredmedia":[{"embeddable":true,"href":"https:\/\/marsangomateriais.com.br\/index.php\/wp-json\/wp\/v2\/media\/10793"}],"wp:attachment":[{"href":"https:\/\/marsangomateriais.com.br\/index.php\/wp-json\/wp\/v2\/media?parent=10739"}],"wp:term":[{"taxonomy":"product_brand","embeddable":true,"href":"https:\/\/marsangomateriais.com.br\/index.php\/wp-json\/wp\/v2\/product_brand?post=10739"},{"taxonomy":"product_cat","embeddable":true,"href":"https:\/\/marsangomateriais.com.br\/index.php\/wp-json\/wp\/v2\/product_cat?post=10739"},{"taxonomy":"product_tag","embeddable":true,"href":"https:\/\/marsangomateriais.com.br\/index.php\/wp-json\/wp\/v2\/product_tag?post=10739"}],"curies":[{"name":"wp","href":"https:\/\/api.w.org\/{rel}","templated":true}]}}