{"id":10737,"date":"2026-04-20T09:58:01","date_gmt":"2026-04-20T12:58:01","guid":{"rendered":"https:\/\/marsangomateriais.com.br\/index.php\/produto\/fechadura-eletrica-12v-bipartido-dir-esq-preto-soprano\/"},"modified":"2026-04-20T16:35:10","modified_gmt":"2026-04-20T19:35:10","slug":"fechadura-eletrica-12v-bipartido-dir-esq-preto-soprano","status":"publish","type":"product","link":"https:\/\/marsangomateriais.com.br\/index.php\/produto\/fechadura-eletrica-12v-bipartido-dir-esq-preto-soprano\/","title":{"rendered":"Fechadura El\u00e9trica 12V Bipartido DIR\/ESQ Preto &#8211; SOPRANO"},"content":{"rendered":"<p>ESPECIFICA\u00c7\u00d5ES DO PRODUTO<\/p>\n<p>Fechadura El\u00e9trica 12V Bipartido PY Dir\/Esq da Soprano. S\u00e3o sofisticadas, bonitas e totalmente pr\u00e1ticas. Produzidas em a\u00e7o-carbono e inox, possui mem\u00f3ria mec\u00e2nica de acionamento, sistema antiburlamento e bot\u00e3o que possibilita a abertura interna da fechadura sem o uso da chave. Al\u00e9m disso, conta tamb\u00e9m com trava rolete e trinco revers\u00edvel, que permite a instala\u00e7\u00e3o em porta com abertura \u00e1 direita, para fora ou para dentro. Seu puxador em pol\u00edmero que evita ocorr\u00eancia de choques el\u00e9tricos. Mantenha seu ambiente sempre seguro com essa fechadura<\/p>\n<p>Informa\u00e7\u00f5es Importantes:<br \/>\n&#8211; A compra do produto n\u00e3o acompanha instala\u00e7\u00e3o.<br \/>\n&#8211; Os objetos que ambientam as imagens, n\u00e3o acompanham o produto.<br \/>\n&#8211; Aten\u00e7\u00e3o: As cores das imagens podem sofrer altera\u00e7\u00f5es devido a luminosidade, configura\u00e7\u00f5es do monitor e at\u00e9 mesmo a percep\u00e7\u00e3o do usu\u00e1rio.<\/p>\n<p>Cor Preto<br \/>\nModelo El\u00e9trica<br \/>\nVers\u00e3o cilindro PY roldana bipartida<br \/>\nAlimenta\u00e7\u00e3o El\u00e9trica 12V CA\/CC 1A<br \/>\nAplica\u00e7\u00e3o Portas de madeira ou met\u00e1licas<br \/>\nFixa\u00e7\u00e3o Parafusos e suportes<br \/>\nAcionamento Chave<br \/>\nMaterial Zamac a\u00e7o \/ lat\u00e3o<br \/>\nIndicado para qual ambiente Externo e interno<br \/>\nBot\u00e3o para abertura interna sem chave Sim<br \/>\nTipo de abertura Para fora e revers\u00edvel<br \/>\nMem\u00f3ria mec\u00e2nica de acionamento Sim<br \/>\nTrava rolete Sim<br \/>\nTrinco revers\u00edvel Sim<br \/>\nMaterial do puxador Pol\u00edmero<br \/>\nMarca Soprano<br \/>\nConte\u00fado da embalagem 1 Fechadura el\u00e9trica<br \/>\nDimens\u00f5es aproximadas do produto 11,5 x 19,5 x 20,4 cm (A x L x P)<br \/>\nDimens\u00f5es aproximadas da embalagem 12 x 20 x 21 cm (A x L x C)<br \/>\nPeso aproximado do produto 9,64 Kg<br \/>\nPeso aproximado da embalagem 9,8 Kg<br \/>\nGarantia do fornecedor 12 Meses<br \/>\nInforma\u00e7\u00f5es Adicionais Durabilidade e resist\u00eancia<br \/>\nC\u00f3digo de barras 7892327048949<br \/>\nRefer\u00eancia: 14010.1785.02<\/p>\n","protected":false},"excerpt":{"rendered":"<p>ESPECIFICA\u00c7\u00d5ES DO PRODUTO Fechadura El\u00e9trica 12V Bipartido PY Dir\/Esq da Soprano. S\u00e3o sofisticadas, bonitas e totalmente pr\u00e1ticas. Produzidas em a\u00e7o-carbono e inox, possui mem\u00f3ria mec\u00e2nica de acionamento, sistema antiburlamento e bot\u00e3o que possibilita a abertura interna da fechadura sem o uso da chave. Al\u00e9m disso, conta tamb\u00e9m com trava rolete e trinco revers\u00edvel, que permite [&hellip;]<\/p>\n","protected":false},"featured_media":10808,"comment_status":"open","ping_status":"closed","template":"","meta":[],"product_brand":[],"product_cat":[31],"product_tag":[],"class_list":{"0":"post-10737","1":"product","2":"type-product","3":"status-publish","4":"has-post-thumbnail","6":"product_cat-fechaduras-de-seguranca","8":"first","9":"instock","10":"sale","11":"shipping-taxable","12":"purchasable","13":"product-type-simple"},"_links":{"self":[{"href":"https:\/\/marsangomateriais.com.br\/index.php\/wp-json\/wp\/v2\/product\/10737","targetHints":{"allow":["GET"]}}],"collection":[{"href":"https:\/\/marsangomateriais.com.br\/index.php\/wp-json\/wp\/v2\/product"}],"about":[{"href":"https:\/\/marsangomateriais.com.br\/index.php\/wp-json\/wp\/v2\/types\/product"}],"replies":[{"embeddable":true,"href":"https:\/\/marsangomateriais.com.br\/index.php\/wp-json\/wp\/v2\/comments?post=10737"}],"wp:featuredmedia":[{"embeddable":true,"href":"https:\/\/marsangomateriais.com.br\/index.php\/wp-json\/wp\/v2\/media\/10808"}],"wp:attachment":[{"href":"https:\/\/marsangomateriais.com.br\/index.php\/wp-json\/wp\/v2\/media?parent=10737"}],"wp:term":[{"taxonomy":"product_brand","embeddable":true,"href":"https:\/\/marsangomateriais.com.br\/index.php\/wp-json\/wp\/v2\/product_brand?post=10737"},{"taxonomy":"product_cat","embeddable":true,"href":"https:\/\/marsangomateriais.com.br\/index.php\/wp-json\/wp\/v2\/product_cat?post=10737"},{"taxonomy":"product_tag","embeddable":true,"href":"https:\/\/marsangomateriais.com.br\/index.php\/wp-json\/wp\/v2\/product_tag?post=10737"}],"curies":[{"name":"wp","href":"https:\/\/api.w.org\/{rel}","templated":true}]}}