{"id":10736,"date":"2026-04-20T09:58:01","date_gmt":"2026-04-20T12:58:01","guid":{"rendered":"https:\/\/marsangomateriais.com.br\/index.php\/produto\/botoeira-de-saida-controle-de-acesso-prata-soprano\/"},"modified":"2026-04-20T15:54:59","modified_gmt":"2026-04-20T18:54:59","slug":"botoeira-de-saida-controle-de-acesso-prata-soprano","status":"publish","type":"product","link":"https:\/\/marsangomateriais.com.br\/index.php\/produto\/botoeira-de-saida-controle-de-acesso-prata-soprano\/","title":{"rendered":"Botoeira de Sa\u00edda Controle de Acesso Prata &#8211; SOPRANO"},"content":{"rendered":"<p>ESPECIFICA\u00c7\u00d5ES DO PRODUTO<\/p>\n<p>BOTOEIRA DE SAIDA CONTROLE DE ACESSO PRATA<br \/>\nC\u00f3d.: 03009.0313.32<\/p>\n<p>Utilizado com Fechadura El\u00e9trica, Fecho El\u00e9trico e Eletro\u00edm\u00e3. Deve-se utilizar em conjunto com uma fonte de alimenta\u00e7\u00e3o.<br \/>\nOs acess\u00f3rios agregam valor ao mix de fechaduras el\u00e9tricas e eletro\u00edm\u00e3 da Soprano, e ainda s\u00e3o compat\u00edveis com demais fechaduras existentes no mercado.<br \/>\nRefer\u00eancia: 03009.0313.32<\/p>\n","protected":false},"excerpt":{"rendered":"<p>ESPECIFICA\u00c7\u00d5ES DO PRODUTO BOTOEIRA DE SAIDA CONTROLE DE ACESSO PRATA C\u00f3d.: 03009.0313.32 Utilizado com Fechadura El\u00e9trica, Fecho El\u00e9trico e Eletro\u00edm\u00e3. Deve-se utilizar em conjunto com uma fonte de alimenta\u00e7\u00e3o. Os acess\u00f3rios agregam valor ao mix de fechaduras el\u00e9tricas e eletro\u00edm\u00e3 da Soprano, e ainda s\u00e3o compat\u00edveis com demais fechaduras existentes no mercado. Refer\u00eancia: 03009.0313.32<\/p>\n","protected":false},"featured_media":10803,"comment_status":"open","ping_status":"closed","template":"","meta":[],"product_brand":[],"product_cat":[31],"product_tag":[],"class_list":{"0":"post-10736","1":"product","2":"type-product","3":"status-publish","4":"has-post-thumbnail","6":"product_cat-fechaduras-de-seguranca","8":"first","9":"instock","10":"sale","11":"shipping-taxable","12":"purchasable","13":"product-type-simple"},"_links":{"self":[{"href":"https:\/\/marsangomateriais.com.br\/index.php\/wp-json\/wp\/v2\/product\/10736","targetHints":{"allow":["GET"]}}],"collection":[{"href":"https:\/\/marsangomateriais.com.br\/index.php\/wp-json\/wp\/v2\/product"}],"about":[{"href":"https:\/\/marsangomateriais.com.br\/index.php\/wp-json\/wp\/v2\/types\/product"}],"replies":[{"embeddable":true,"href":"https:\/\/marsangomateriais.com.br\/index.php\/wp-json\/wp\/v2\/comments?post=10736"}],"wp:featuredmedia":[{"embeddable":true,"href":"https:\/\/marsangomateriais.com.br\/index.php\/wp-json\/wp\/v2\/media\/10803"}],"wp:attachment":[{"href":"https:\/\/marsangomateriais.com.br\/index.php\/wp-json\/wp\/v2\/media?parent=10736"}],"wp:term":[{"taxonomy":"product_brand","embeddable":true,"href":"https:\/\/marsangomateriais.com.br\/index.php\/wp-json\/wp\/v2\/product_brand?post=10736"},{"taxonomy":"product_cat","embeddable":true,"href":"https:\/\/marsangomateriais.com.br\/index.php\/wp-json\/wp\/v2\/product_cat?post=10736"},{"taxonomy":"product_tag","embeddable":true,"href":"https:\/\/marsangomateriais.com.br\/index.php\/wp-json\/wp\/v2\/product_tag?post=10736"}],"curies":[{"name":"wp","href":"https:\/\/api.w.org\/{rel}","templated":true}]}}