{"id":10722,"date":"2026-04-20T09:52:00","date_gmt":"2026-04-20T12:52:00","guid":{"rendered":"https:\/\/marsangomateriais.com.br\/index.php\/produto\/fechadura-externa-inox-803-10-stam\/"},"modified":"2026-04-20T15:12:54","modified_gmt":"2026-04-20T18:12:54","slug":"fechadura-externa-inox-803-10-stam","status":"publish","type":"product","link":"https:\/\/marsangomateriais.com.br\/index.php\/produto\/fechadura-externa-inox-803-10-stam\/","title":{"rendered":"Fechadura Externa Inox 803\/10 &#8211; STAM"},"content":{"rendered":"<p>ESPECIFICA\u00c7\u00d5ES DO PRODUTO<\/p>\n<p>Aplica\u00e7\u00e3o externa<\/p>\n<p>Disp\u00f5e de trinco revers\u00edvel para instala\u00e7\u00e3o em portas que abrem para direita e esquerda e pode ser adquirida em v\u00e1rios acabamentos.<\/p>\n<p>Nossos produtos s\u00e3o produzidos com alta tecnologia, mat\u00e9ria prima de alt\u00edssima qualidade e respeito a r\u00edgidas normas de seguran\u00e7a.<\/p>\n<p>M\u00e1quina: 803<br \/>\nDist\u00e2ncia de Broca: 40 mm<br \/>\nAplica\u00e7\u00e3o: Externa<\/p>\n<p>Segredos: 1000<br \/>\nTr\u00e1fego: M\u00e9dio<br \/>\nSeguran\u00e7a: M\u00e9dia<br \/>\nAcess\u00f3rios: Chave, cilindro, ma\u00e7anetas, espelhos, contra testa<br \/>\nCilindro: Bi-partido de pinos ou gorje<br \/>\nComposi\u00e7\u00e3o: A\u00e7o ABNT 1010\/1020, Zamac, A\u00e7o Inox, Lat\u00e3o, Pl\u00e1stico de Engenharia<br \/>\nEspelho: A\u00e7o Inox<br \/>\nMa\u00e7aneta: Zamac 5<br \/>\nTesta: A\u00e7o Inox 430<br \/>\nContra Testa: A\u00e7o Inox 430<\/p>\n","protected":false},"excerpt":{"rendered":"<p>ESPECIFICA\u00c7\u00d5ES DO PRODUTO Aplica\u00e7\u00e3o externa Disp\u00f5e de trinco revers\u00edvel para instala\u00e7\u00e3o em portas que abrem para direita e esquerda e pode ser adquirida em v\u00e1rios acabamentos. Nossos produtos s\u00e3o produzidos com alta tecnologia, mat\u00e9ria prima de alt\u00edssima qualidade e respeito a r\u00edgidas normas de seguran\u00e7a. M\u00e1quina: 803 Dist\u00e2ncia de Broca: 40 mm Aplica\u00e7\u00e3o: Externa Segredos: [&hellip;]<\/p>\n","protected":false},"featured_media":10765,"comment_status":"open","ping_status":"closed","template":"","meta":[],"product_brand":[],"product_cat":[31],"product_tag":[],"class_list":{"0":"post-10722","1":"product","2":"type-product","3":"status-publish","4":"has-post-thumbnail","6":"product_cat-fechaduras-de-seguranca","8":"first","9":"instock","10":"sale","11":"shipping-taxable","12":"purchasable","13":"product-type-simple"},"_links":{"self":[{"href":"https:\/\/marsangomateriais.com.br\/index.php\/wp-json\/wp\/v2\/product\/10722","targetHints":{"allow":["GET"]}}],"collection":[{"href":"https:\/\/marsangomateriais.com.br\/index.php\/wp-json\/wp\/v2\/product"}],"about":[{"href":"https:\/\/marsangomateriais.com.br\/index.php\/wp-json\/wp\/v2\/types\/product"}],"replies":[{"embeddable":true,"href":"https:\/\/marsangomateriais.com.br\/index.php\/wp-json\/wp\/v2\/comments?post=10722"}],"wp:featuredmedia":[{"embeddable":true,"href":"https:\/\/marsangomateriais.com.br\/index.php\/wp-json\/wp\/v2\/media\/10765"}],"wp:attachment":[{"href":"https:\/\/marsangomateriais.com.br\/index.php\/wp-json\/wp\/v2\/media?parent=10722"}],"wp:term":[{"taxonomy":"product_brand","embeddable":true,"href":"https:\/\/marsangomateriais.com.br\/index.php\/wp-json\/wp\/v2\/product_brand?post=10722"},{"taxonomy":"product_cat","embeddable":true,"href":"https:\/\/marsangomateriais.com.br\/index.php\/wp-json\/wp\/v2\/product_cat?post=10722"},{"taxonomy":"product_tag","embeddable":true,"href":"https:\/\/marsangomateriais.com.br\/index.php\/wp-json\/wp\/v2\/product_tag?post=10722"}],"curies":[{"name":"wp","href":"https:\/\/api.w.org\/{rel}","templated":true}]}}