{"id":10721,"date":"2026-04-20T09:52:00","date_gmt":"2026-04-20T12:52:00","guid":{"rendered":"https:\/\/marsangomateriais.com.br\/index.php\/produto\/fechadura-externa-inox-tetra-1800-11-stam\/"},"modified":"2026-04-20T15:15:17","modified_gmt":"2026-04-20T18:15:17","slug":"fechadura-externa-inox-tetra-1800-11-stam","status":"publish","type":"product","link":"https:\/\/marsangomateriais.com.br\/index.php\/produto\/fechadura-externa-inox-tetra-1800-11-stam\/","title":{"rendered":"Fechadura Externa Inox Tetra 1800\/11 &#8211; STAM"},"content":{"rendered":"<p>ESPECIFICA\u00c7\u00d5ES DO PRODUTO<\/p>\n<p>FECHADURA EXTERNA STAM TETRA 1800\/21 INOX<\/p>\n<p>A Fechadura Externa, modelo 1800\/21 Inox Tetra Alavanca, \u00e9 um produto das linhas de produ\u00e7\u00e3o da Stam,<br \/>\numa das principais f\u00e1bricas deste tipo de produto do pa\u00eds.Fechadura Stam Cromada para portas Madeira Externa Chave Tetra com Ma\u00e7aneta Reta em Zamak Cromada.<\/p>\n<p>CARACTER\u00cdSTICAS:<\/p>\n<p>? Ambiente Recomendado: Externo e Interno<br \/>\n? Acabamento: Inox Cromado<br \/>\n? Dimens\u00e3o da Maquina: 40MM<br \/>\n? Modelo: 1800\/21<br \/>\n? Chave: Tetra<br \/>\n? Acompanha: 3 Chaves<\/p>\n<p>? ATEN\u00c7\u00c3O : NO CASO DE REPOSI\u00c7\u00c3O PRECISA SER IGUAL ME\u00c7A O CILINDRO ANTES DE COMPRAR, ESTE TEM 30 MM OU 3CM<\/p>\n<p>? se for porta nova sem fura\u00e7\u00e3o n\u00e3o precisa se preocupar com o di\u00e2metro do cilindro.<\/p>\n","protected":false},"excerpt":{"rendered":"<p>ESPECIFICA\u00c7\u00d5ES DO PRODUTO FECHADURA EXTERNA STAM TETRA 1800\/21 INOX A Fechadura Externa, modelo 1800\/21 Inox Tetra Alavanca, \u00e9 um produto das linhas de produ\u00e7\u00e3o da Stam, uma das principais f\u00e1bricas deste tipo de produto do pa\u00eds.Fechadura Stam Cromada para portas Madeira Externa Chave Tetra com Ma\u00e7aneta Reta em Zamak Cromada. CARACTER\u00cdSTICAS: ? Ambiente Recomendado: Externo [&hellip;]<\/p>\n","protected":false},"featured_media":10767,"comment_status":"open","ping_status":"closed","template":"","meta":[],"product_brand":[],"product_cat":[31],"product_tag":[],"class_list":{"0":"post-10721","1":"product","2":"type-product","3":"status-publish","4":"has-post-thumbnail","6":"product_cat-fechaduras-de-seguranca","8":"first","9":"instock","10":"sale","11":"shipping-taxable","12":"purchasable","13":"product-type-simple"},"_links":{"self":[{"href":"https:\/\/marsangomateriais.com.br\/index.php\/wp-json\/wp\/v2\/product\/10721","targetHints":{"allow":["GET"]}}],"collection":[{"href":"https:\/\/marsangomateriais.com.br\/index.php\/wp-json\/wp\/v2\/product"}],"about":[{"href":"https:\/\/marsangomateriais.com.br\/index.php\/wp-json\/wp\/v2\/types\/product"}],"replies":[{"embeddable":true,"href":"https:\/\/marsangomateriais.com.br\/index.php\/wp-json\/wp\/v2\/comments?post=10721"}],"wp:featuredmedia":[{"embeddable":true,"href":"https:\/\/marsangomateriais.com.br\/index.php\/wp-json\/wp\/v2\/media\/10767"}],"wp:attachment":[{"href":"https:\/\/marsangomateriais.com.br\/index.php\/wp-json\/wp\/v2\/media?parent=10721"}],"wp:term":[{"taxonomy":"product_brand","embeddable":true,"href":"https:\/\/marsangomateriais.com.br\/index.php\/wp-json\/wp\/v2\/product_brand?post=10721"},{"taxonomy":"product_cat","embeddable":true,"href":"https:\/\/marsangomateriais.com.br\/index.php\/wp-json\/wp\/v2\/product_cat?post=10721"},{"taxonomy":"product_tag","embeddable":true,"href":"https:\/\/marsangomateriais.com.br\/index.php\/wp-json\/wp\/v2\/product_tag?post=10721"}],"curies":[{"name":"wp","href":"https:\/\/api.w.org\/{rel}","templated":true}]}}