{"id":10719,"date":"2026-04-20T09:50:00","date_gmt":"2026-04-20T12:50:00","guid":{"rendered":"https:\/\/marsangomateriais.com.br\/index.php\/produto\/cadeado-45mm-stam\/"},"modified":"2026-04-20T15:07:36","modified_gmt":"2026-04-20T18:07:36","slug":"cadeado-45mm-stam","status":"publish","type":"product","link":"https:\/\/marsangomateriais.com.br\/index.php\/produto\/cadeado-45mm-stam\/","title":{"rendered":"Cadeado 45MM &#8211; STAM"},"content":{"rendered":"<p>ESPECIFICA\u00c7\u00d5ES DO PRODUTO<\/p>\n<p>Os cadeados Stam s\u00e3o excelentes op\u00e7\u00f5es para proteger arm\u00e1rios, gavetas, port\u00f5es, entre diversas outras necessidade. Resistente e dur\u00e1vel, o cadeado tem um acabamento bastante resistente \u00e0 a\u00e7\u00e3o do tempo e clima, tornando-o ainda mais dur\u00e1vel. Tenha mais seguran\u00e7a e com o cadeado Stam.<\/p>\n","protected":false},"excerpt":{"rendered":"<p>ESPECIFICA\u00c7\u00d5ES DO PRODUTO Os cadeados Stam s\u00e3o excelentes op\u00e7\u00f5es para proteger arm\u00e1rios, gavetas, port\u00f5es, entre diversas outras necessidade. Resistente e dur\u00e1vel, o cadeado tem um acabamento bastante resistente \u00e0 a\u00e7\u00e3o do tempo e clima, tornando-o ainda mais dur\u00e1vel. Tenha mais seguran\u00e7a e com o cadeado Stam.<\/p>\n","protected":false},"featured_media":10756,"comment_status":"open","ping_status":"closed","template":"","meta":[],"product_brand":[],"product_cat":[31],"product_tag":[],"class_list":{"0":"post-10719","1":"product","2":"type-product","3":"status-publish","4":"has-post-thumbnail","6":"product_cat-fechaduras-de-seguranca","8":"first","9":"instock","10":"sale","11":"shipping-taxable","12":"purchasable","13":"product-type-simple"},"_links":{"self":[{"href":"https:\/\/marsangomateriais.com.br\/index.php\/wp-json\/wp\/v2\/product\/10719","targetHints":{"allow":["GET"]}}],"collection":[{"href":"https:\/\/marsangomateriais.com.br\/index.php\/wp-json\/wp\/v2\/product"}],"about":[{"href":"https:\/\/marsangomateriais.com.br\/index.php\/wp-json\/wp\/v2\/types\/product"}],"replies":[{"embeddable":true,"href":"https:\/\/marsangomateriais.com.br\/index.php\/wp-json\/wp\/v2\/comments?post=10719"}],"wp:featuredmedia":[{"embeddable":true,"href":"https:\/\/marsangomateriais.com.br\/index.php\/wp-json\/wp\/v2\/media\/10756"}],"wp:attachment":[{"href":"https:\/\/marsangomateriais.com.br\/index.php\/wp-json\/wp\/v2\/media?parent=10719"}],"wp:term":[{"taxonomy":"product_brand","embeddable":true,"href":"https:\/\/marsangomateriais.com.br\/index.php\/wp-json\/wp\/v2\/product_brand?post=10719"},{"taxonomy":"product_cat","embeddable":true,"href":"https:\/\/marsangomateriais.com.br\/index.php\/wp-json\/wp\/v2\/product_cat?post=10719"},{"taxonomy":"product_tag","embeddable":true,"href":"https:\/\/marsangomateriais.com.br\/index.php\/wp-json\/wp\/v2\/product_tag?post=10719"}],"curies":[{"name":"wp","href":"https:\/\/api.w.org\/{rel}","templated":true}]}}