{"id":10716,"date":"2026-04-20T09:49:59","date_gmt":"2026-04-20T12:49:59","guid":{"rendered":"https:\/\/marsangomateriais.com.br\/index.php\/produto\/fechadura-reta-externa-cromada-popline-esp15-20x53-py45-soprano\/"},"modified":"2026-04-20T15:05:42","modified_gmt":"2026-04-20T18:05:42","slug":"fechadura-reta-externa-cromada-popline-esp15-20x53-py45-soprano","status":"publish","type":"product","link":"https:\/\/marsangomateriais.com.br\/index.php\/produto\/fechadura-reta-externa-cromada-popline-esp15-20x53-py45-soprano\/","title":{"rendered":"Fechadura Reta Externa Cromada Popline ESP15 20X53 PY45 &#8211; SOPRANO"},"content":{"rendered":"<p>ESPECIFICA\u00c7\u00d5ES DO PRODUTO<\/p>\n<p>Fechadura Popline Reta Ext Cromado Soprano 03001.0520.18 &#8211; O mix de fechaduras Pop Line Estreita mant\u00e9m seu estilo e personalidade, al\u00e9m de fazer parte do mix campe\u00e3o de vendas da Soprano &#8211; Pr\u00e1tica e de simples utiliza\u00e7\u00e3o a fechadura &#8211; Resistente &#8211; Excelente e com uma \u00f3tima qualidade &#8211; Broca e Eixo: 20&#215;53 Indicado: &#8212; Para portas e port\u00f5es<br \/>\nRefer\u00eancia: 03001.0520.18<\/p>\n","protected":false},"excerpt":{"rendered":"<p>ESPECIFICA\u00c7\u00d5ES DO PRODUTO Fechadura Popline Reta Ext Cromado Soprano 03001.0520.18 &#8211; O mix de fechaduras Pop Line Estreita mant\u00e9m seu estilo e personalidade, al\u00e9m de fazer parte do mix campe\u00e3o de vendas da Soprano &#8211; Pr\u00e1tica e de simples utiliza\u00e7\u00e3o a fechadura &#8211; Resistente &#8211; Excelente e com uma \u00f3tima qualidade &#8211; Broca e Eixo: [&hellip;]<\/p>\n","protected":false},"featured_media":10755,"comment_status":"open","ping_status":"closed","template":"","meta":[],"product_brand":[],"product_cat":[31],"product_tag":[],"class_list":{"0":"post-10716","1":"product","2":"type-product","3":"status-publish","4":"has-post-thumbnail","6":"product_cat-fechaduras-de-seguranca","8":"first","9":"instock","10":"sale","11":"shipping-taxable","12":"purchasable","13":"product-type-simple"},"_links":{"self":[{"href":"https:\/\/marsangomateriais.com.br\/index.php\/wp-json\/wp\/v2\/product\/10716","targetHints":{"allow":["GET"]}}],"collection":[{"href":"https:\/\/marsangomateriais.com.br\/index.php\/wp-json\/wp\/v2\/product"}],"about":[{"href":"https:\/\/marsangomateriais.com.br\/index.php\/wp-json\/wp\/v2\/types\/product"}],"replies":[{"embeddable":true,"href":"https:\/\/marsangomateriais.com.br\/index.php\/wp-json\/wp\/v2\/comments?post=10716"}],"wp:featuredmedia":[{"embeddable":true,"href":"https:\/\/marsangomateriais.com.br\/index.php\/wp-json\/wp\/v2\/media\/10755"}],"wp:attachment":[{"href":"https:\/\/marsangomateriais.com.br\/index.php\/wp-json\/wp\/v2\/media?parent=10716"}],"wp:term":[{"taxonomy":"product_brand","embeddable":true,"href":"https:\/\/marsangomateriais.com.br\/index.php\/wp-json\/wp\/v2\/product_brand?post=10716"},{"taxonomy":"product_cat","embeddable":true,"href":"https:\/\/marsangomateriais.com.br\/index.php\/wp-json\/wp\/v2\/product_cat?post=10716"},{"taxonomy":"product_tag","embeddable":true,"href":"https:\/\/marsangomateriais.com.br\/index.php\/wp-json\/wp\/v2\/product_tag?post=10716"}],"curies":[{"name":"wp","href":"https:\/\/api.w.org\/{rel}","templated":true}]}}