{"id":10476,"date":"2026-04-15T09:39:50","date_gmt":"2026-04-15T12:39:50","guid":{"rendered":"https:\/\/marsangomateriais.com.br\/index.php\/produto\/conjunto-verre-800-com-espelho-e-pe-noce-verde-85cm-gaam\/"},"modified":"2026-04-16T13:35:46","modified_gmt":"2026-04-16T16:35:46","slug":"conjunto-verre-800-com-espelho-e-pe-noce-verde-85cm-gaam","status":"publish","type":"product","link":"https:\/\/marsangomateriais.com.br\/index.php\/produto\/conjunto-verre-800-com-espelho-e-pe-noce-verde-85cm-gaam\/","title":{"rendered":"CONJUNTO VERRE 800 COM ESPELHO E P\u00c9 NOCE VERDE 85CM &#8211; GAAM"},"content":{"rendered":"<p>ESPECIFICA\u00c7\u00d5ES DO PRODUTO<\/p>\n<p>O conjunto Verre foi desenvolvido pensando em compor espa\u00e7os elegantes, pr\u00e1ticos e inteligentes. O m\u00f3vel apresenta diversos compartimentos que otimizam a armazenagem do dia a dia. Com tampo em pedra natural, suporte toalheiro, ampla cuba de lou\u00e7a embutida e p\u00e9s com regulagem de altura o conjunto agrega beleza e harmonia em diversos estilos de banheiro.<\/p>\n<p>Possui:<\/p>\n<p>&#8211; P\u00e9s com regulagem de altura, para ajustar o produto conforme a inclina\u00e7\u00e3o do piso;<\/p>\n<p>&#8211; Ampla cuba de lou\u00e7a embutida;<\/p>\n<p>&#8211; Tampo em pedra natural com dupla camada de resina impermeabilizante, para evitar a absor\u00e7\u00e3o de \u00e1gua e outros l\u00edquidos que podem manchar a bancada;<\/p>\n<p>&#8211; Ampla espelheira com portas e nicho decorativo;<\/p>\n<p>&#8211; Suporte toalheiro em ferro com pintura ep\u00f3xi, que garante maior qualidade e durabilidade da pe\u00e7a;<\/p>\n<p>&#8211; Bordas em PVC, que evitam que o produto absorva a umidade presente no ambiente.<\/p>\n<p>OBS.: Imagem meramente ilustrativa<br \/>\nRefer\u00eancia: 200139[5803]<\/p>\n","protected":false},"excerpt":{"rendered":"<p>ESPECIFICA\u00c7\u00d5ES DO PRODUTO O conjunto Verre foi desenvolvido pensando em compor espa\u00e7os elegantes, pr\u00e1ticos e inteligentes. O m\u00f3vel apresenta diversos compartimentos que otimizam a armazenagem do dia a dia. Com tampo em pedra natural, suporte toalheiro, ampla cuba de lou\u00e7a embutida e p\u00e9s com regulagem de altura o conjunto agrega beleza e harmonia em diversos [&hellip;]<\/p>\n","protected":false},"featured_media":10541,"comment_status":"open","ping_status":"closed","template":"","meta":[],"product_brand":[],"product_cat":[33],"product_tag":[],"class_list":{"0":"post-10476","1":"product","2":"type-product","3":"status-publish","4":"has-post-thumbnail","6":"product_cat-banheiros-e-acessorios","8":"first","9":"instock","10":"sale","11":"shipping-taxable","12":"purchasable","13":"product-type-simple"},"_links":{"self":[{"href":"https:\/\/marsangomateriais.com.br\/index.php\/wp-json\/wp\/v2\/product\/10476","targetHints":{"allow":["GET"]}}],"collection":[{"href":"https:\/\/marsangomateriais.com.br\/index.php\/wp-json\/wp\/v2\/product"}],"about":[{"href":"https:\/\/marsangomateriais.com.br\/index.php\/wp-json\/wp\/v2\/types\/product"}],"replies":[{"embeddable":true,"href":"https:\/\/marsangomateriais.com.br\/index.php\/wp-json\/wp\/v2\/comments?post=10476"}],"wp:featuredmedia":[{"embeddable":true,"href":"https:\/\/marsangomateriais.com.br\/index.php\/wp-json\/wp\/v2\/media\/10541"}],"wp:attachment":[{"href":"https:\/\/marsangomateriais.com.br\/index.php\/wp-json\/wp\/v2\/media?parent=10476"}],"wp:term":[{"taxonomy":"product_brand","embeddable":true,"href":"https:\/\/marsangomateriais.com.br\/index.php\/wp-json\/wp\/v2\/product_brand?post=10476"},{"taxonomy":"product_cat","embeddable":true,"href":"https:\/\/marsangomateriais.com.br\/index.php\/wp-json\/wp\/v2\/product_cat?post=10476"},{"taxonomy":"product_tag","embeddable":true,"href":"https:\/\/marsangomateriais.com.br\/index.php\/wp-json\/wp\/v2\/product_tag?post=10476"}],"curies":[{"name":"wp","href":"https:\/\/api.w.org\/{rel}","templated":true}]}}