{"id":10463,"date":"2026-04-15T08:39:40","date_gmt":"2026-04-15T11:39:40","guid":{"rendered":"https:\/\/marsangomateriais.com.br\/index.php\/produto\/assento-almofadado-thema-cinza-claro-durin\/"},"modified":"2026-04-16T11:50:22","modified_gmt":"2026-04-16T14:50:22","slug":"assento-almofadado-thema-cinza-claro-durin","status":"publish","type":"product","link":"https:\/\/marsangomateriais.com.br\/index.php\/produto\/assento-almofadado-thema-cinza-claro-durin\/","title":{"rendered":"ASSENTO ALMOFADADO THEMA CINZA CLARO &#8211; DUR\u00cdN"},"content":{"rendered":"<p>ESPECIFICA\u00c7\u00d5ES DO PRODUTO<\/p>\n<p>Acabamento arredondado com tra\u00e7os modernos.<br \/>\nMuito mais higi\u00eanico com prote\u00e7\u00e3o contra fungos e bact\u00e9rias.<br \/>\nTampa envolvente.<br \/>\nResistente.<br \/>\nFacilidade na instala\u00e7\u00e3o.<br \/>\nSem emendas nas laterais, evitando rachaduras.<\/p>\n","protected":false},"excerpt":{"rendered":"<p>ESPECIFICA\u00c7\u00d5ES DO PRODUTO Acabamento arredondado com tra\u00e7os modernos. Muito mais higi\u00eanico com prote\u00e7\u00e3o contra fungos e bact\u00e9rias. Tampa envolvente. Resistente. Facilidade na instala\u00e7\u00e3o. Sem emendas nas laterais, evitando rachaduras.<\/p>\n","protected":false},"featured_media":10520,"comment_status":"open","ping_status":"closed","template":"","meta":[],"product_brand":[],"product_cat":[33],"product_tag":[],"class_list":{"0":"post-10463","1":"product","2":"type-product","3":"status-publish","4":"has-post-thumbnail","6":"product_cat-banheiros-e-acessorios","8":"first","9":"instock","10":"sale","11":"shipping-taxable","12":"purchasable","13":"product-type-simple"},"_links":{"self":[{"href":"https:\/\/marsangomateriais.com.br\/index.php\/wp-json\/wp\/v2\/product\/10463","targetHints":{"allow":["GET"]}}],"collection":[{"href":"https:\/\/marsangomateriais.com.br\/index.php\/wp-json\/wp\/v2\/product"}],"about":[{"href":"https:\/\/marsangomateriais.com.br\/index.php\/wp-json\/wp\/v2\/types\/product"}],"replies":[{"embeddable":true,"href":"https:\/\/marsangomateriais.com.br\/index.php\/wp-json\/wp\/v2\/comments?post=10463"}],"wp:featuredmedia":[{"embeddable":true,"href":"https:\/\/marsangomateriais.com.br\/index.php\/wp-json\/wp\/v2\/media\/10520"}],"wp:attachment":[{"href":"https:\/\/marsangomateriais.com.br\/index.php\/wp-json\/wp\/v2\/media?parent=10463"}],"wp:term":[{"taxonomy":"product_brand","embeddable":true,"href":"https:\/\/marsangomateriais.com.br\/index.php\/wp-json\/wp\/v2\/product_brand?post=10463"},{"taxonomy":"product_cat","embeddable":true,"href":"https:\/\/marsangomateriais.com.br\/index.php\/wp-json\/wp\/v2\/product_cat?post=10463"},{"taxonomy":"product_tag","embeddable":true,"href":"https:\/\/marsangomateriais.com.br\/index.php\/wp-json\/wp\/v2\/product_tag?post=10463"}],"curies":[{"name":"wp","href":"https:\/\/api.w.org\/{rel}","templated":true}]}}