{"id":10461,"date":"2026-04-15T08:39:39","date_gmt":"2026-04-15T11:39:39","guid":{"rendered":"https:\/\/marsangomateriais.com.br\/index.php\/produto\/assento-sanitario-plus-branco-durin\/"},"modified":"2026-04-16T11:48:58","modified_gmt":"2026-04-16T14:48:58","slug":"assento-sanitario-plus-branco-durin","status":"publish","type":"product","link":"https:\/\/marsangomateriais.com.br\/index.php\/produto\/assento-sanitario-plus-branco-durin\/","title":{"rendered":"ASSENTO SANIT\u00c1RIO PLUS BRANCO &#8211; DUR\u00cdN"},"content":{"rendered":"<p>ESPECIFICA\u00c7\u00d5ES DO PRODUTO<\/p>\n<p>O assento N\u00c3O \u00c9 ALMOFADADO.Com tampa envolvente, evitando a prolifera\u00e7\u00e3o de bact\u00e9rias e facilitando a limpeza. Caracter\u00edsticas Gerais: Acabamento arredondado com tra\u00e7os modernos. Muito mais higi\u00eanico com prote\u00e7\u00e3o contra fungos e bact\u00e9rias. Tampa envolvente. Resistente. Facilidade na instala\u00e7\u00e3o. Sem emendas nas laterais, evitando rachaduras. Informa\u00e7\u00f5es Adicionais: Resist\u00eancia: Sem emendas nas laterais, evitando rachaduras, maior resist\u00eancia com o uso cont\u00ednuo.<\/p>\n","protected":false},"excerpt":{"rendered":"<p>ESPECIFICA\u00c7\u00d5ES DO PRODUTO O assento N\u00c3O \u00c9 ALMOFADADO.Com tampa envolvente, evitando a prolifera\u00e7\u00e3o de bact\u00e9rias e facilitando a limpeza. Caracter\u00edsticas Gerais: Acabamento arredondado com tra\u00e7os modernos. Muito mais higi\u00eanico com prote\u00e7\u00e3o contra fungos e bact\u00e9rias. Tampa envolvente. Resistente. Facilidade na instala\u00e7\u00e3o. Sem emendas nas laterais, evitando rachaduras. Informa\u00e7\u00f5es Adicionais: Resist\u00eancia: Sem emendas nas laterais, evitando [&hellip;]<\/p>\n","protected":false},"featured_media":10518,"comment_status":"open","ping_status":"closed","template":"","meta":[],"product_brand":[],"product_cat":[33],"product_tag":[],"class_list":{"0":"post-10461","1":"product","2":"type-product","3":"status-publish","4":"has-post-thumbnail","6":"product_cat-banheiros-e-acessorios","8":"first","9":"instock","10":"sale","11":"shipping-taxable","12":"purchasable","13":"product-type-simple"},"_links":{"self":[{"href":"https:\/\/marsangomateriais.com.br\/index.php\/wp-json\/wp\/v2\/product\/10461","targetHints":{"allow":["GET"]}}],"collection":[{"href":"https:\/\/marsangomateriais.com.br\/index.php\/wp-json\/wp\/v2\/product"}],"about":[{"href":"https:\/\/marsangomateriais.com.br\/index.php\/wp-json\/wp\/v2\/types\/product"}],"replies":[{"embeddable":true,"href":"https:\/\/marsangomateriais.com.br\/index.php\/wp-json\/wp\/v2\/comments?post=10461"}],"wp:featuredmedia":[{"embeddable":true,"href":"https:\/\/marsangomateriais.com.br\/index.php\/wp-json\/wp\/v2\/media\/10518"}],"wp:attachment":[{"href":"https:\/\/marsangomateriais.com.br\/index.php\/wp-json\/wp\/v2\/media?parent=10461"}],"wp:term":[{"taxonomy":"product_brand","embeddable":true,"href":"https:\/\/marsangomateriais.com.br\/index.php\/wp-json\/wp\/v2\/product_brand?post=10461"},{"taxonomy":"product_cat","embeddable":true,"href":"https:\/\/marsangomateriais.com.br\/index.php\/wp-json\/wp\/v2\/product_cat?post=10461"},{"taxonomy":"product_tag","embeddable":true,"href":"https:\/\/marsangomateriais.com.br\/index.php\/wp-json\/wp\/v2\/product_tag?post=10461"}],"curies":[{"name":"wp","href":"https:\/\/api.w.org\/{rel}","templated":true}]}}