{"id":10458,"date":"2026-04-15T08:37:35","date_gmt":"2026-04-15T11:37:35","guid":{"rendered":"https:\/\/marsangomateriais.com.br\/index.php\/produto\/caixa-de-descarga-cinza-claro-alumasa\/"},"modified":"2026-04-17T14:40:04","modified_gmt":"2026-04-17T17:40:04","slug":"caixa-de-descarga-cinza-claro-alumasa","status":"publish","type":"product","link":"https:\/\/marsangomateriais.com.br\/index.php\/produto\/caixa-de-descarga-cinza-claro-alumasa\/","title":{"rendered":"Caixa de Descarga Cinza Claro &#8211; ALUMASA"},"content":{"rendered":"<p>ESPECIFICA\u00c7\u00d5ES DO PRODUTO<\/p>\n<p>Com fluxo de \u00e1gua ajust\u00e1vel, a Caixa de Descarga possui sistema h\u00eddrico exclusivo e patenteado pela Alumasa, que faz com que escoe da caixa a quantidade m\u00ednima necess\u00e1ria para preencher o vaso sanit\u00e1rio e evitar o retorno de odores, economizando \u00e1gua al\u00e9m de tempo e dinheiro por sua r\u00e1pida e pr\u00e1tica instala\u00e7\u00e3o. Al\u00e9m de ter sua fabrica\u00e7\u00e3o quase totalmente feita na empresa, desde suas menores pe\u00e7as funcionais at\u00e9 o corpo da caixa assim garantindo qualidade, ainda busca a harmonia com o ambiente devido as diversas cores em seu portf\u00f3lio.<\/p>\n","protected":false},"excerpt":{"rendered":"<p>ESPECIFICA\u00c7\u00d5ES DO PRODUTO Com fluxo de \u00e1gua ajust\u00e1vel, a Caixa de Descarga possui sistema h\u00eddrico exclusivo e patenteado pela Alumasa, que faz com que escoe da caixa a quantidade m\u00ednima necess\u00e1ria para preencher o vaso sanit\u00e1rio e evitar o retorno de odores, economizando \u00e1gua al\u00e9m de tempo e dinheiro por sua r\u00e1pida e pr\u00e1tica instala\u00e7\u00e3o. [&hellip;]<\/p>\n","protected":false},"featured_media":10514,"comment_status":"open","ping_status":"closed","template":"","meta":[],"product_brand":[],"product_cat":[33],"product_tag":[],"class_list":{"0":"post-10458","1":"product","2":"type-product","3":"status-publish","4":"has-post-thumbnail","6":"product_cat-banheiros-e-acessorios","8":"first","9":"instock","10":"sale","11":"shipping-taxable","12":"purchasable","13":"product-type-simple"},"_links":{"self":[{"href":"https:\/\/marsangomateriais.com.br\/index.php\/wp-json\/wp\/v2\/product\/10458","targetHints":{"allow":["GET"]}}],"collection":[{"href":"https:\/\/marsangomateriais.com.br\/index.php\/wp-json\/wp\/v2\/product"}],"about":[{"href":"https:\/\/marsangomateriais.com.br\/index.php\/wp-json\/wp\/v2\/types\/product"}],"replies":[{"embeddable":true,"href":"https:\/\/marsangomateriais.com.br\/index.php\/wp-json\/wp\/v2\/comments?post=10458"}],"wp:featuredmedia":[{"embeddable":true,"href":"https:\/\/marsangomateriais.com.br\/index.php\/wp-json\/wp\/v2\/media\/10514"}],"wp:attachment":[{"href":"https:\/\/marsangomateriais.com.br\/index.php\/wp-json\/wp\/v2\/media?parent=10458"}],"wp:term":[{"taxonomy":"product_brand","embeddable":true,"href":"https:\/\/marsangomateriais.com.br\/index.php\/wp-json\/wp\/v2\/product_brand?post=10458"},{"taxonomy":"product_cat","embeddable":true,"href":"https:\/\/marsangomateriais.com.br\/index.php\/wp-json\/wp\/v2\/product_cat?post=10458"},{"taxonomy":"product_tag","embeddable":true,"href":"https:\/\/marsangomateriais.com.br\/index.php\/wp-json\/wp\/v2\/product_tag?post=10458"}],"curies":[{"name":"wp","href":"https:\/\/api.w.org\/{rel}","templated":true}]}}