{"id":10457,"date":"2026-04-15T08:37:34","date_gmt":"2026-04-15T11:37:34","guid":{"rendered":"https:\/\/marsangomateriais.com.br\/index.php\/produto\/mecanismo-de-entrada-universal-para-caixa-acoplada-durin\/"},"modified":"2026-04-16T11:46:25","modified_gmt":"2026-04-16T14:46:25","slug":"mecanismo-de-entrada-universal-para-caixa-acoplada-durin","status":"publish","type":"product","link":"https:\/\/marsangomateriais.com.br\/index.php\/produto\/mecanismo-de-entrada-universal-para-caixa-acoplada-durin\/","title":{"rendered":"MECANISMO DE ENTRADA UNIVERSAL PARA CAIXA ACOPLADA &#8211; DUR\u00cdN"},"content":{"rendered":"<p>ESPECIFICA\u00c7\u00d5ES DO PRODUTO<\/p>\n<p>Mecanismo de Entrada, que tem a finalidade de controlar o fluxo de entrada de \u00e1gua para dentro da caixa acoplada.<\/p>\n","protected":false},"excerpt":{"rendered":"<p>ESPECIFICA\u00c7\u00d5ES DO PRODUTO Mecanismo de Entrada, que tem a finalidade de controlar o fluxo de entrada de \u00e1gua para dentro da caixa acoplada.<\/p>\n","protected":false},"featured_media":10513,"comment_status":"open","ping_status":"closed","template":"","meta":[],"product_brand":[],"product_cat":[33],"product_tag":[],"class_list":{"0":"post-10457","1":"product","2":"type-product","3":"status-publish","4":"has-post-thumbnail","6":"product_cat-banheiros-e-acessorios","8":"first","9":"instock","10":"sale","11":"shipping-taxable","12":"purchasable","13":"product-type-simple"},"_links":{"self":[{"href":"https:\/\/marsangomateriais.com.br\/index.php\/wp-json\/wp\/v2\/product\/10457","targetHints":{"allow":["GET"]}}],"collection":[{"href":"https:\/\/marsangomateriais.com.br\/index.php\/wp-json\/wp\/v2\/product"}],"about":[{"href":"https:\/\/marsangomateriais.com.br\/index.php\/wp-json\/wp\/v2\/types\/product"}],"replies":[{"embeddable":true,"href":"https:\/\/marsangomateriais.com.br\/index.php\/wp-json\/wp\/v2\/comments?post=10457"}],"wp:featuredmedia":[{"embeddable":true,"href":"https:\/\/marsangomateriais.com.br\/index.php\/wp-json\/wp\/v2\/media\/10513"}],"wp:attachment":[{"href":"https:\/\/marsangomateriais.com.br\/index.php\/wp-json\/wp\/v2\/media?parent=10457"}],"wp:term":[{"taxonomy":"product_brand","embeddable":true,"href":"https:\/\/marsangomateriais.com.br\/index.php\/wp-json\/wp\/v2\/product_brand?post=10457"},{"taxonomy":"product_cat","embeddable":true,"href":"https:\/\/marsangomateriais.com.br\/index.php\/wp-json\/wp\/v2\/product_cat?post=10457"},{"taxonomy":"product_tag","embeddable":true,"href":"https:\/\/marsangomateriais.com.br\/index.php\/wp-json\/wp\/v2\/product_tag?post=10457"}],"curies":[{"name":"wp","href":"https:\/\/api.w.org\/{rel}","templated":true}]}}