{"id":364,"date":"2026-03-13T13:45:39","date_gmt":"2026-03-13T16:45:39","guid":{"rendered":"https:\/\/marsangomateriais.com.br\/?page_id=364"},"modified":"2026-03-13T13:48:19","modified_gmt":"2026-03-13T16:48:19","slug":"perguntas-frequentes","status":"publish","type":"page","link":"https:\/\/marsangomateriais.com.br\/index.php\/perguntas-frequentes\/","title":{"rendered":"FAQ Perguntas Frequentes"},"content":{"rendered":"\n<h3 class=\"wp-block-heading\">Como fa\u00e7o para comprar?<\/h3>\n\n\n\n<p>Basta escolher o produto desejado, adicionar ao carrinho e seguir os passos do checkout para finalizar a compra.<\/p>\n\n\n\n<hr class=\"wp-block-separator has-alpha-channel-opacity\"\/>\n\n\n\n<h3 class=\"wp-block-heading\">Quais s\u00e3o as formas de pagamento?<\/h3>\n\n\n\n<p>Aceitamos pagamentos via:<\/p>\n\n\n\n<ul class=\"wp-block-list\">\n<li>Cart\u00e3o de cr\u00e9dito<\/li>\n\n\n\n<li>PIX<\/li>\n<\/ul>\n\n\n\n<hr class=\"wp-block-separator has-alpha-channel-opacity\"\/>\n\n\n\n<h3 class=\"wp-block-heading\">Qual o prazo de envio?<\/h3>\n\n\n\n<p>O envio \u00e9 realizado em <strong>1 a 3 dias \u00fateis ap\u00f3s a confirma\u00e7\u00e3o do pagamento<\/strong>.<\/p>\n\n\n\n<hr class=\"wp-block-separator has-alpha-channel-opacity\"\/>\n\n\n\n<h3 class=\"wp-block-heading\">Como acompanhar meu pedido?<\/h3>\n\n\n\n<p>Ap\u00f3s o envio, voc\u00ea receber\u00e1 um <strong>c\u00f3digo de rastreamento<\/strong> para acompanhar a entrega pelo site dos Correios.<\/p>\n\n\n\n<hr class=\"wp-block-separator has-alpha-channel-opacity\"\/>\n\n\n\n<h3 class=\"wp-block-heading\">Posso devolver um produto?<\/h3>\n\n\n\n<p>Sim. Voc\u00ea pode solicitar devolu\u00e7\u00e3o em at\u00e9 <strong>7 dias ap\u00f3s o recebimento<\/strong>, conforme o C\u00f3digo de Defesa do Consumidor.<\/p>\n\n\n\n<hr class=\"wp-block-separator has-alpha-channel-opacity\"\/>\n\n\n\n<h3 class=\"wp-block-heading\">Quem paga o frete da devolu\u00e7\u00e3o?<\/h3>\n\n\n\n<p>O <strong>frete da devolu\u00e7\u00e3o \u00e9 de responsabilidade do cliente<\/strong>.<\/p>\n","protected":false},"excerpt":{"rendered":"<p>Como fa\u00e7o para comprar? Basta escolher o produto desejado, adicionar ao carrinho e seguir os passos do checkout para finalizar a compra. Quais s\u00e3o as formas de pagamento? Aceitamos pagamentos via: Qual o prazo de envio? O envio \u00e9 realizado em 1 a 3 dias \u00fateis ap\u00f3s a confirma\u00e7\u00e3o do pagamento. Como acompanhar meu pedido? [&hellip;]<\/p>\n","protected":false},"author":1,"featured_media":0,"parent":0,"menu_order":0,"comment_status":"closed","ping_status":"closed","template":"","meta":{"footnotes":""},"class_list":["post-364","page","type-page","status-publish","hentry"],"_links":{"self":[{"href":"https:\/\/marsangomateriais.com.br\/index.php\/wp-json\/wp\/v2\/pages\/364","targetHints":{"allow":["GET"]}}],"collection":[{"href":"https:\/\/marsangomateriais.com.br\/index.php\/wp-json\/wp\/v2\/pages"}],"about":[{"href":"https:\/\/marsangomateriais.com.br\/index.php\/wp-json\/wp\/v2\/types\/page"}],"author":[{"embeddable":true,"href":"https:\/\/marsangomateriais.com.br\/index.php\/wp-json\/wp\/v2\/users\/1"}],"replies":[{"embeddable":true,"href":"https:\/\/marsangomateriais.com.br\/index.php\/wp-json\/wp\/v2\/comments?post=364"}],"version-history":[{"count":2,"href":"https:\/\/marsangomateriais.com.br\/index.php\/wp-json\/wp\/v2\/pages\/364\/revisions"}],"predecessor-version":[{"id":366,"href":"https:\/\/marsangomateriais.com.br\/index.php\/wp-json\/wp\/v2\/pages\/364\/revisions\/366"}],"wp:attachment":[{"href":"https:\/\/marsangomateriais.com.br\/index.php\/wp-json\/wp\/v2\/media?parent=364"}],"curies":[{"name":"wp","href":"https:\/\/api.w.org\/{rel}","templated":true}]}}