{"id":362,"date":"2026-03-13T13:44:47","date_gmt":"2026-03-13T16:44:47","guid":{"rendered":"https:\/\/marsangomateriais.com.br\/?page_id=362"},"modified":"2026-03-13T13:44:47","modified_gmt":"2026-03-13T16:44:47","slug":"politica-de-cookies","status":"publish","type":"page","link":"https:\/\/marsangomateriais.com.br\/index.php\/politica-de-cookies\/","title":{"rendered":"Pol\u00edtica de Cookies"},"content":{"rendered":"\n<p>Nosso site utiliza cookies para melhorar a experi\u00eancia de navega\u00e7\u00e3o dos usu\u00e1rios.<\/p>\n\n\n\n<h3 class=\"wp-block-heading\">O que s\u00e3o Cookies<\/h3>\n\n\n\n<p>Cookies s\u00e3o pequenos arquivos armazenados no dispositivo do usu\u00e1rio para coletar informa\u00e7\u00f5es sobre a navega\u00e7\u00e3o.<\/p>\n\n\n\n<h3 class=\"wp-block-heading\">Como Utilizamos Cookies<\/h3>\n\n\n\n<p>Utilizamos cookies para:<\/p>\n\n\n\n<ul class=\"wp-block-list\">\n<li>Melhorar o desempenho do site<\/li>\n\n\n\n<li>Analisar comportamento de navega\u00e7\u00e3o<\/li>\n\n\n\n<li>Personalizar an\u00fancios e conte\u00fados<\/li>\n<\/ul>\n\n\n\n<h3 class=\"wp-block-heading\">Ferramentas Utilizadas<\/h3>\n\n\n\n<ul class=\"wp-block-list\">\n<li>Google Analytics<\/li>\n\n\n\n<li>Facebook Pixel<\/li>\n\n\n\n<li>Remarketing<\/li>\n<\/ul>\n\n\n\n<h3 class=\"wp-block-heading\">Gerenciamento de Cookies<\/h3>\n\n\n\n<p>O usu\u00e1rio pode desativar os cookies diretamente nas configura\u00e7\u00f5es do navegador.<\/p>\n\n\n\n<p>No entanto, isso pode afetar algumas funcionalidades do site.<\/p>\n","protected":false},"excerpt":{"rendered":"<p>Nosso site utiliza cookies para melhorar a experi\u00eancia de navega\u00e7\u00e3o dos usu\u00e1rios. O que s\u00e3o Cookies Cookies s\u00e3o pequenos arquivos armazenados no dispositivo do usu\u00e1rio para coletar informa\u00e7\u00f5es sobre a navega\u00e7\u00e3o. Como Utilizamos Cookies Utilizamos cookies para: Ferramentas Utilizadas Gerenciamento de Cookies O usu\u00e1rio pode desativar os cookies diretamente nas configura\u00e7\u00f5es do navegador. No entanto, [&hellip;]<\/p>\n","protected":false},"author":1,"featured_media":0,"parent":0,"menu_order":0,"comment_status":"closed","ping_status":"closed","template":"","meta":{"footnotes":""},"class_list":["post-362","page","type-page","status-publish","hentry"],"_links":{"self":[{"href":"https:\/\/marsangomateriais.com.br\/index.php\/wp-json\/wp\/v2\/pages\/362","targetHints":{"allow":["GET"]}}],"collection":[{"href":"https:\/\/marsangomateriais.com.br\/index.php\/wp-json\/wp\/v2\/pages"}],"about":[{"href":"https:\/\/marsangomateriais.com.br\/index.php\/wp-json\/wp\/v2\/types\/page"}],"author":[{"embeddable":true,"href":"https:\/\/marsangomateriais.com.br\/index.php\/wp-json\/wp\/v2\/users\/1"}],"replies":[{"embeddable":true,"href":"https:\/\/marsangomateriais.com.br\/index.php\/wp-json\/wp\/v2\/comments?post=362"}],"version-history":[{"count":1,"href":"https:\/\/marsangomateriais.com.br\/index.php\/wp-json\/wp\/v2\/pages\/362\/revisions"}],"predecessor-version":[{"id":363,"href":"https:\/\/marsangomateriais.com.br\/index.php\/wp-json\/wp\/v2\/pages\/362\/revisions\/363"}],"wp:attachment":[{"href":"https:\/\/marsangomateriais.com.br\/index.php\/wp-json\/wp\/v2\/media?parent=362"}],"curies":[{"name":"wp","href":"https:\/\/api.w.org\/{rel}","templated":true}]}}