{"id":360,"date":"2026-03-13T13:44:12","date_gmt":"2026-03-13T16:44:12","guid":{"rendered":"https:\/\/marsangomateriais.com.br\/?page_id=360"},"modified":"2026-03-13T13:44:12","modified_gmt":"2026-03-13T16:44:12","slug":"termos-de-uso","status":"publish","type":"page","link":"https:\/\/marsangomateriais.com.br\/index.php\/termos-de-uso\/","title":{"rendered":"Termos de Uso"},"content":{"rendered":"\n<p>Ao acessar o site <strong><a href=\"https:\/\/marsangomateriais.com.br\">https:\/\/marsangomateriais.com.br<\/a><\/strong>, o usu\u00e1rio concorda com os termos e condi\u00e7\u00f5es descritos abaixo.<\/p>\n\n\n\n<h3 class=\"wp-block-heading\">Uso do Site<\/h3>\n\n\n\n<p>O usu\u00e1rio compromete-se a utilizar o site apenas para fins legais e de acordo com a legisla\u00e7\u00e3o vigente.<\/p>\n\n\n\n<h3 class=\"wp-block-heading\">Informa\u00e7\u00f5es do Produto<\/h3>\n\n\n\n<p>A Marsango Materiais de Constru\u00e7\u00f5es busca manter todas as informa\u00e7\u00f5es atualizadas, por\u00e9m erros de descri\u00e7\u00e3o, pre\u00e7o ou disponibilidade podem ocorrer.<\/p>\n\n\n\n<p>Caso isso aconte\u00e7a, reservamo-nos o direito de corrigir as informa\u00e7\u00f5es sem aviso pr\u00e9vio.<\/p>\n\n\n\n<h3 class=\"wp-block-heading\">Propriedade Intelectual<\/h3>\n\n\n\n<p>Todo o conte\u00fado do site, incluindo:<\/p>\n\n\n\n<ul class=\"wp-block-list\">\n<li>textos<\/li>\n\n\n\n<li>imagens<\/li>\n\n\n\n<li>logotipo<\/li>\n\n\n\n<li>layout<\/li>\n<\/ul>\n\n\n\n<p>\u00e9 propriedade da Marsango Materiais de Constru\u00e7\u00f5es e n\u00e3o pode ser reproduzido sem autoriza\u00e7\u00e3o.<\/p>\n\n\n\n<h3 class=\"wp-block-heading\">Altera\u00e7\u00f5es nos Termos<\/h3>\n\n\n\n<p>A empresa pode atualizar estes termos a qualquer momento, sem aviso pr\u00e9vio.<\/p>\n","protected":false},"excerpt":{"rendered":"<p>Ao acessar o site https:\/\/marsangomateriais.com.br, o usu\u00e1rio concorda com os termos e condi\u00e7\u00f5es descritos abaixo. Uso do Site O usu\u00e1rio compromete-se a utilizar o site apenas para fins legais e de acordo com a legisla\u00e7\u00e3o vigente. Informa\u00e7\u00f5es do Produto A Marsango Materiais de Constru\u00e7\u00f5es busca manter todas as informa\u00e7\u00f5es atualizadas, por\u00e9m erros de descri\u00e7\u00e3o, pre\u00e7o [&hellip;]<\/p>\n","protected":false},"author":1,"featured_media":0,"parent":0,"menu_order":0,"comment_status":"closed","ping_status":"closed","template":"","meta":{"footnotes":""},"class_list":["post-360","page","type-page","status-publish","hentry"],"_links":{"self":[{"href":"https:\/\/marsangomateriais.com.br\/index.php\/wp-json\/wp\/v2\/pages\/360","targetHints":{"allow":["GET"]}}],"collection":[{"href":"https:\/\/marsangomateriais.com.br\/index.php\/wp-json\/wp\/v2\/pages"}],"about":[{"href":"https:\/\/marsangomateriais.com.br\/index.php\/wp-json\/wp\/v2\/types\/page"}],"author":[{"embeddable":true,"href":"https:\/\/marsangomateriais.com.br\/index.php\/wp-json\/wp\/v2\/users\/1"}],"replies":[{"embeddable":true,"href":"https:\/\/marsangomateriais.com.br\/index.php\/wp-json\/wp\/v2\/comments?post=360"}],"version-history":[{"count":1,"href":"https:\/\/marsangomateriais.com.br\/index.php\/wp-json\/wp\/v2\/pages\/360\/revisions"}],"predecessor-version":[{"id":361,"href":"https:\/\/marsangomateriais.com.br\/index.php\/wp-json\/wp\/v2\/pages\/360\/revisions\/361"}],"wp:attachment":[{"href":"https:\/\/marsangomateriais.com.br\/index.php\/wp-json\/wp\/v2\/media?parent=360"}],"curies":[{"name":"wp","href":"https:\/\/api.w.org\/{rel}","templated":true}]}}