{"id":358,"date":"2026-03-13T13:43:44","date_gmt":"2026-03-13T16:43:44","guid":{"rendered":"https:\/\/marsangomateriais.com.br\/?page_id=358"},"modified":"2026-03-13T13:43:44","modified_gmt":"2026-03-13T16:43:44","slug":"politica-de-trocas","status":"publish","type":"page","link":"https:\/\/marsangomateriais.com.br\/index.php\/politica-de-trocas\/","title":{"rendered":"Pol\u00edtica de Trocas"},"content":{"rendered":"\n<p>Caso o cliente receba um produto com defeito ou diferente do pedido realizado, poder\u00e1 solicitar a troca.<\/p>\n\n\n\n<h3 class=\"wp-block-heading\">Prazo para Solicita\u00e7\u00e3o<\/h3>\n\n\n\n<p>A solicita\u00e7\u00e3o deve ser feita em at\u00e9 <strong>7 dias ap\u00f3s o recebimento do produto<\/strong>.<\/p>\n\n\n\n<h3 class=\"wp-block-heading\">Como Solicitar<\/h3>\n\n\n\n<p>O cliente deve entrar em contato atrav\u00e9s do email:<\/p>\n\n\n\n<p><strong><a>ecommercemarsango@gmail.com<\/a><\/strong><\/p>\n\n\n\n<p>Informando:<\/p>\n\n\n\n<ul class=\"wp-block-list\">\n<li>N\u00famero do pedido<\/li>\n\n\n\n<li>Descri\u00e7\u00e3o do problema<\/li>\n\n\n\n<li>Fotos do produto (se necess\u00e1rio)<\/li>\n<\/ul>\n\n\n\n<h3 class=\"wp-block-heading\">Condi\u00e7\u00f5es<\/h3>\n\n\n\n<p>A troca ser\u00e1 realizada ap\u00f3s an\u00e1lise da equipe da loja.<\/p>\n","protected":false},"excerpt":{"rendered":"<p>Caso o cliente receba um produto com defeito ou diferente do pedido realizado, poder\u00e1 solicitar a troca. Prazo para Solicita\u00e7\u00e3o A solicita\u00e7\u00e3o deve ser feita em at\u00e9 7 dias ap\u00f3s o recebimento do produto. Como Solicitar O cliente deve entrar em contato atrav\u00e9s do email: ecommercemarsango@gmail.com Informando: Condi\u00e7\u00f5es A troca ser\u00e1 realizada ap\u00f3s an\u00e1lise da [&hellip;]<\/p>\n","protected":false},"author":1,"featured_media":0,"parent":0,"menu_order":0,"comment_status":"closed","ping_status":"closed","template":"","meta":{"footnotes":""},"class_list":["post-358","page","type-page","status-publish","hentry"],"_links":{"self":[{"href":"https:\/\/marsangomateriais.com.br\/index.php\/wp-json\/wp\/v2\/pages\/358","targetHints":{"allow":["GET"]}}],"collection":[{"href":"https:\/\/marsangomateriais.com.br\/index.php\/wp-json\/wp\/v2\/pages"}],"about":[{"href":"https:\/\/marsangomateriais.com.br\/index.php\/wp-json\/wp\/v2\/types\/page"}],"author":[{"embeddable":true,"href":"https:\/\/marsangomateriais.com.br\/index.php\/wp-json\/wp\/v2\/users\/1"}],"replies":[{"embeddable":true,"href":"https:\/\/marsangomateriais.com.br\/index.php\/wp-json\/wp\/v2\/comments?post=358"}],"version-history":[{"count":1,"href":"https:\/\/marsangomateriais.com.br\/index.php\/wp-json\/wp\/v2\/pages\/358\/revisions"}],"predecessor-version":[{"id":359,"href":"https:\/\/marsangomateriais.com.br\/index.php\/wp-json\/wp\/v2\/pages\/358\/revisions\/359"}],"wp:attachment":[{"href":"https:\/\/marsangomateriais.com.br\/index.php\/wp-json\/wp\/v2\/media?parent=358"}],"curies":[{"name":"wp","href":"https:\/\/api.w.org\/{rel}","templated":true}]}}