{"id":31,"date":"2026-03-09T16:20:45","date_gmt":"2026-03-09T19:20:45","guid":{"rendered":"https:\/\/marsangomateriais.com.br\/?page_id=31"},"modified":"2026-04-20T17:38:41","modified_gmt":"2026-04-20T20:38:41","slug":"contato","status":"publish","type":"page","link":"https:\/\/marsangomateriais.com.br\/index.php\/contato\/","title":{"rendered":"Contato"},"content":{"rendered":"\n<h2 class=\"wp-block-heading\">Fale Conosco<\/h2>\n\n\n\n<p>Se voc\u00ea tiver d\u00favidas, precisar de ajuda com um pedido ou quiser mais informa\u00e7\u00f5es sobre nossos produtos, entre em contato conosco.<\/p>\n\n\n\n<p>Nossa equipe est\u00e1 pronta para ajudar voc\u00ea da melhor forma poss\u00edvel.<\/p>\n\n\n\n<h3 class=\"wp-block-heading\">Informa\u00e7\u00f5es de Contato<\/h3>\n\n\n\n<p><strong>Marsango Materiais de Constru\u00e7\u00f5es<\/strong><br>\ud83d\udccd Santo Ant\u00f4nio do Sudoeste \u2013 Paran\u00e1<\/p>\n\n\n\n<p>\ud83d\udce7 Email: <a>ecommercemarsango@gmail.com<\/a><br>\ud83d\udcf1 WhatsApp: (46) 99110-2260<\/p>\n\n\n\n<h3 class=\"wp-block-heading\">Hor\u00e1rio de Atendimento<\/h3>\n\n\n\n<p>Segunda a Sexta: 07:30h \u00e0s 18h<br>S\u00e1bado: 07:30h \u00e0s 12h<\/p>\n\n\n\n<p>Responderemos sua mensagem o mais r\u00e1pido poss\u00edvel.<\/p>\n","protected":false},"excerpt":{"rendered":"<p>Fale Conosco Se voc\u00ea tiver d\u00favidas, precisar de ajuda com um pedido ou quiser mais informa\u00e7\u00f5es sobre nossos produtos, entre em contato conosco. Nossa equipe est\u00e1 pronta para ajudar voc\u00ea da melhor forma poss\u00edvel. Informa\u00e7\u00f5es de Contato Marsango Materiais de Constru\u00e7\u00f5es\ud83d\udccd Santo Ant\u00f4nio do Sudoeste \u2013 Paran\u00e1 \ud83d\udce7 Email: ecommercemarsango@gmail.com\ud83d\udcf1 WhatsApp: (46) 99110-2260 Hor\u00e1rio de [&hellip;]<\/p>\n","protected":false},"author":1,"featured_media":0,"parent":0,"menu_order":0,"comment_status":"closed","ping_status":"closed","template":"","meta":{"footnotes":""},"class_list":["post-31","page","type-page","status-publish","hentry"],"_links":{"self":[{"href":"https:\/\/marsangomateriais.com.br\/index.php\/wp-json\/wp\/v2\/pages\/31","targetHints":{"allow":["GET"]}}],"collection":[{"href":"https:\/\/marsangomateriais.com.br\/index.php\/wp-json\/wp\/v2\/pages"}],"about":[{"href":"https:\/\/marsangomateriais.com.br\/index.php\/wp-json\/wp\/v2\/types\/page"}],"author":[{"embeddable":true,"href":"https:\/\/marsangomateriais.com.br\/index.php\/wp-json\/wp\/v2\/users\/1"}],"replies":[{"embeddable":true,"href":"https:\/\/marsangomateriais.com.br\/index.php\/wp-json\/wp\/v2\/comments?post=31"}],"version-history":[{"count":4,"href":"https:\/\/marsangomateriais.com.br\/index.php\/wp-json\/wp\/v2\/pages\/31\/revisions"}],"predecessor-version":[{"id":10820,"href":"https:\/\/marsangomateriais.com.br\/index.php\/wp-json\/wp\/v2\/pages\/31\/revisions\/10820"}],"wp:attachment":[{"href":"https:\/\/marsangomateriais.com.br\/index.php\/wp-json\/wp\/v2\/media?parent=31"}],"curies":[{"name":"wp","href":"https:\/\/api.w.org\/{rel}","templated":true}]}}