{"id":23,"date":"2026-03-09T16:17:09","date_gmt":"2026-03-09T19:17:09","guid":{"rendered":"https:\/\/marsangomateriais.com.br\/?page_id=23"},"modified":"2026-03-13T13:41:57","modified_gmt":"2026-03-13T16:41:57","slug":"politica-de-privacidade","status":"publish","type":"page","link":"https:\/\/marsangomateriais.com.br\/index.php\/politica-de-privacidade\/","title":{"rendered":"Pol\u00edtica de Privacidade"},"content":{"rendered":"\n<p>A <strong>Marsango Materiais de Constru\u00e7\u00f5es<\/strong> respeita a privacidade dos seus clientes e est\u00e1 comprometida em proteger seus dados pessoais.<\/p>\n\n\n\n<h3 class=\"wp-block-heading\">Coleta de Informa\u00e7\u00f5es<\/h3>\n\n\n\n<p>Coletamos informa\u00e7\u00f5es fornecidas pelo cliente no momento da compra ou cadastro, como:<\/p>\n\n\n\n<ul class=\"wp-block-list\">\n<li>Nome<\/li>\n\n\n\n<li>Endere\u00e7o<\/li>\n\n\n\n<li>Email<\/li>\n\n\n\n<li>Telefone<\/li>\n\n\n\n<li>Dados de pagamento<\/li>\n<\/ul>\n\n\n\n<p>Essas informa\u00e7\u00f5es s\u00e3o utilizadas exclusivamente para:<\/p>\n\n\n\n<ul class=\"wp-block-list\">\n<li>Processamento de pedidos<\/li>\n\n\n\n<li>Entrega de produtos<\/li>\n\n\n\n<li>Atendimento ao cliente<\/li>\n\n\n\n<li>Comunica\u00e7\u00e3o sobre pedidos<\/li>\n<\/ul>\n\n\n\n<h3 class=\"wp-block-heading\">Compartilhamento de Informa\u00e7\u00f5es<\/h3>\n\n\n\n<p>Os dados poder\u00e3o ser compartilhados com:<\/p>\n\n\n\n<ul class=\"wp-block-list\">\n<li><strong>Transportadoras<\/strong>, para realiza\u00e7\u00e3o da entrega<\/li>\n\n\n\n<li><strong>Plataformas de pagamento<\/strong>, para processamento da compra<\/li>\n<\/ul>\n\n\n\n<p>N\u00e3o vendemos ou compartilhamos seus dados com terceiros para fins comerciais.<\/p>\n\n\n\n<h3 class=\"wp-block-heading\">Seguran\u00e7a dos Dados<\/h3>\n\n\n\n<p>Utilizamos medidas de seguran\u00e7a adequadas para proteger as informa\u00e7\u00f5es pessoais contra acesso n\u00e3o autorizado.<\/p>\n\n\n\n<h3 class=\"wp-block-heading\">Cookies e Tecnologias de Rastreamento<\/h3>\n\n\n\n<p>Nosso site utiliza <strong>cookies<\/strong> e ferramentas como:<\/p>\n\n\n\n<ul class=\"wp-block-list\">\n<li>Google Analytics<\/li>\n\n\n\n<li>Facebook Pixel<\/li>\n\n\n\n<li>Remarketing<\/li>\n<\/ul>\n\n\n\n<p>Essas tecnologias ajudam a melhorar sua experi\u00eancia no site e apresentar conte\u00fados e ofertas mais relevantes.<\/p>\n\n\n\n<h3 class=\"wp-block-heading\">Direitos do Usu\u00e1rio<\/h3>\n\n\n\n<p>O cliente pode solicitar a atualiza\u00e7\u00e3o ou exclus\u00e3o de seus dados entrando em contato pelo email:<\/p>\n\n\n\n<p><strong><a>ecommercemarsango@gmail.com<\/a><\/strong><\/p>\n","protected":false},"excerpt":{"rendered":"<p>A Marsango Materiais de Constru\u00e7\u00f5es respeita a privacidade dos seus clientes e est\u00e1 comprometida em proteger seus dados pessoais. Coleta de Informa\u00e7\u00f5es Coletamos informa\u00e7\u00f5es fornecidas pelo cliente no momento da compra ou cadastro, como: Essas informa\u00e7\u00f5es s\u00e3o utilizadas exclusivamente para: Compartilhamento de Informa\u00e7\u00f5es Os dados poder\u00e3o ser compartilhados com: N\u00e3o vendemos ou compartilhamos seus dados [&hellip;]<\/p>\n","protected":false},"author":1,"featured_media":0,"parent":0,"menu_order":0,"comment_status":"closed","ping_status":"closed","template":"","meta":{"footnotes":""},"class_list":["post-23","page","type-page","status-publish","hentry"],"_links":{"self":[{"href":"https:\/\/marsangomateriais.com.br\/index.php\/wp-json\/wp\/v2\/pages\/23","targetHints":{"allow":["GET"]}}],"collection":[{"href":"https:\/\/marsangomateriais.com.br\/index.php\/wp-json\/wp\/v2\/pages"}],"about":[{"href":"https:\/\/marsangomateriais.com.br\/index.php\/wp-json\/wp\/v2\/types\/page"}],"author":[{"embeddable":true,"href":"https:\/\/marsangomateriais.com.br\/index.php\/wp-json\/wp\/v2\/users\/1"}],"replies":[{"embeddable":true,"href":"https:\/\/marsangomateriais.com.br\/index.php\/wp-json\/wp\/v2\/comments?post=23"}],"version-history":[{"count":2,"href":"https:\/\/marsangomateriais.com.br\/index.php\/wp-json\/wp\/v2\/pages\/23\/revisions"}],"predecessor-version":[{"id":355,"href":"https:\/\/marsangomateriais.com.br\/index.php\/wp-json\/wp\/v2\/pages\/23\/revisions\/355"}],"wp:attachment":[{"href":"https:\/\/marsangomateriais.com.br\/index.php\/wp-json\/wp\/v2\/media?parent=23"}],"curies":[{"name":"wp","href":"https:\/\/api.w.org\/{rel}","templated":true}]}}